{"id":63881,"date":"2026-02-24T18:17:13","date_gmt":"2026-02-24T17:17:13","guid":{"rendered":"https:\/\/imprimeideas.es\/producto\/camisa-de-cuadros\/"},"modified":"2026-02-24T18:18:07","modified_gmt":"2026-02-24T17:18:07","slug":"camisa-de-cuadros","status":"publish","type":"product","link":"https:\/\/imprimeideas.es\/en\/product\/camisa-de-cuadros\/","title":{"rendered":"CAMISA DE CUADROS"},"content":{"rendered":"<p>Camisa de cuadros con cuello cl\u00e1sico y cierre central de botones. Manga larga con pu\u00f1o de bot\u00f3n. Un bolso de pecho de plast\u00f3n abierto. Espalda con canes\u00fa. Costuras reforzadas, bajo redondeado y botones.<\/p>","protected":false},"excerpt":{"rendered":"<p>B8010 &#8211; CAMISA DE CUADROS<\/p>","protected":false},"featured_media":63884,"comment_status":"closed","ping_status":"open","template":"","meta":{"inline_featured_image":false},"product_brand":[],"product_cat":[2229],"product_tag":[],"class_list":{"0":"post-63881","1":"product","2":"type-product","3":"status-publish","4":"has-post-thumbnail","6":"product_cat-hosteleriasalacamisa-sala","7":"pa_color-blancoazul","8":"pa_color-blancogris-claro","10":"first","11":"instock","12":"purchasable","13":"product-type-variable"},"aioseo_notices":[],"_links":{"self":[{"href":"https:\/\/imprimeideas.es\/en\/wp-json\/wp\/v2\/product\/63881","targetHints":{"allow":["GET"]}}],"collection":[{"href":"https:\/\/imprimeideas.es\/en\/wp-json\/wp\/v2\/product"}],"about":[{"href":"https:\/\/imprimeideas.es\/en\/wp-json\/wp\/v2\/types\/product"}],"replies":[{"embeddable":true,"href":"https:\/\/imprimeideas.es\/en\/wp-json\/wp\/v2\/comments?post=63881"}],"version-history":[{"count":1,"href":"https:\/\/imprimeideas.es\/en\/wp-json\/wp\/v2\/product\/63881\/revisions"}],"predecessor-version":[{"id":63882,"href":"https:\/\/imprimeideas.es\/en\/wp-json\/wp\/v2\/product\/63881\/revisions\/63882"}],"wp:featuredmedia":[{"embeddable":true,"href":"https:\/\/imprimeideas.es\/en\/wp-json\/wp\/v2\/media\/63884"}],"wp:attachment":[{"href":"https:\/\/imprimeideas.es\/en\/wp-json\/wp\/v2\/media?parent=63881"}],"wp:term":[{"taxonomy":"product_brand","embeddable":true,"href":"https:\/\/imprimeideas.es\/en\/wp-json\/wp\/v2\/product_brand?post=63881"},{"taxonomy":"product_cat","embeddable":true,"href":"https:\/\/imprimeideas.es\/en\/wp-json\/wp\/v2\/product_cat?post=63881"},{"taxonomy":"product_tag","embeddable":true,"href":"https:\/\/imprimeideas.es\/en\/wp-json\/wp\/v2\/product_tag?post=63881"}],"curies":[{"name":"wp","href":"https:\/\/api.w.org\/{rel}","templated":true}]}}