{"id":63770,"date":"2026-02-24T18:13:48","date_gmt":"2026-02-24T17:13:48","guid":{"rendered":"https:\/\/imprimeideas.es\/producto\/buzo-2\/"},"modified":"2026-02-24T18:15:25","modified_gmt":"2026-02-24T17:15:25","slug":"buzo-2","status":"publish","type":"product","link":"https:\/\/imprimeideas.es\/en\/product\/buzo-2\/","title":{"rendered":"BUZO"},"content":{"rendered":"<p>Buzo de algod\u00f3n con canes\u00fas. Cuello camisero y cierre de cremallera de metal de doble tirador oculta por solapa postiza con velcro. Dos bolsos de pecho de plast\u00f3n con cartera de velcro, dos bolsos de abertura inclinada en los costados. Un bolso trasero de plast\u00f3n con cartera de velcro y un bolso de esp\u00e1tula doble. Pu\u00f1o con el\u00e1stico. Espalda con pliegues. Cinturilla con el\u00e1stico en la espalda.<\/p>","protected":false},"excerpt":{"rendered":"<p>B5300 &#8211; BUZO<\/p>","protected":false},"featured_media":63773,"comment_status":"closed","ping_status":"open","template":"","meta":{"inline_featured_image":false},"product_brand":[],"product_cat":[2219],"product_tag":[],"class_list":{"0":"post-63770","1":"product","2":"type-product","3":"status-publish","4":"has-post-thumbnail","6":"product_cat-industriabuzo-industriatallas-especialesbuzo-te","7":"pa_color-azulina","8":"pa_color-gris","9":"pa_color-marino","11":"first","12":"instock","13":"purchasable","14":"product-type-variable"},"aioseo_notices":[],"_links":{"self":[{"href":"https:\/\/imprimeideas.es\/en\/wp-json\/wp\/v2\/product\/63770","targetHints":{"allow":["GET"]}}],"collection":[{"href":"https:\/\/imprimeideas.es\/en\/wp-json\/wp\/v2\/product"}],"about":[{"href":"https:\/\/imprimeideas.es\/en\/wp-json\/wp\/v2\/types\/product"}],"replies":[{"embeddable":true,"href":"https:\/\/imprimeideas.es\/en\/wp-json\/wp\/v2\/comments?post=63770"}],"version-history":[{"count":1,"href":"https:\/\/imprimeideas.es\/en\/wp-json\/wp\/v2\/product\/63770\/revisions"}],"predecessor-version":[{"id":63771,"href":"https:\/\/imprimeideas.es\/en\/wp-json\/wp\/v2\/product\/63770\/revisions\/63771"}],"wp:featuredmedia":[{"embeddable":true,"href":"https:\/\/imprimeideas.es\/en\/wp-json\/wp\/v2\/media\/63773"}],"wp:attachment":[{"href":"https:\/\/imprimeideas.es\/en\/wp-json\/wp\/v2\/media?parent=63770"}],"wp:term":[{"taxonomy":"product_brand","embeddable":true,"href":"https:\/\/imprimeideas.es\/en\/wp-json\/wp\/v2\/product_brand?post=63770"},{"taxonomy":"product_cat","embeddable":true,"href":"https:\/\/imprimeideas.es\/en\/wp-json\/wp\/v2\/product_cat?post=63770"},{"taxonomy":"product_tag","embeddable":true,"href":"https:\/\/imprimeideas.es\/en\/wp-json\/wp\/v2\/product_tag?post=63770"}],"curies":[{"name":"wp","href":"https:\/\/api.w.org\/{rel}","templated":true}]}}