{"id":63740,"date":"2026-02-24T18:11:59","date_gmt":"2026-02-24T17:11:59","guid":{"rendered":"https:\/\/imprimeideas.es\/producto\/buzo\/"},"modified":"2026-02-24T18:13:48","modified_gmt":"2026-02-24T17:13:48","slug":"buzo","status":"publish","type":"product","link":"https:\/\/imprimeideas.es\/en\/product\/buzo\/","title":{"rendered":"BUZO"},"content":{"rendered":"<p>Buzo recto de algod\u00f3n con cuello camisero. Cierre de cremallera de metal de doble tirador oculta por solapa postiza con velcro. Dos bolsos de pecho de plast\u00f3n con cartera de velcro, dos bolsos de abertura inclinada en los costados. Un bolso trasero de plast\u00f3n y un bolso de esp\u00e1tula. Pu\u00f1o el\u00e1stico. El\u00e1stico en la espalda.<\/p>","protected":false},"excerpt":{"rendered":"<p>B5200 &#8211; BUZO<\/p>","protected":false},"featured_media":63743,"comment_status":"closed","ping_status":"open","template":"","meta":{"inline_featured_image":false},"product_brand":[],"product_cat":[2219],"product_tag":[],"class_list":{"0":"post-63740","1":"product","2":"type-product","3":"status-publish","4":"has-post-thumbnail","6":"product_cat-industriabuzo-industriatallas-especialesbuzo-te","7":"pa_color-azulina","8":"pa_color-gris","9":"pa_color-marino","11":"first","12":"instock","13":"purchasable","14":"product-type-variable"},"aioseo_notices":[],"_links":{"self":[{"href":"https:\/\/imprimeideas.es\/en\/wp-json\/wp\/v2\/product\/63740","targetHints":{"allow":["GET"]}}],"collection":[{"href":"https:\/\/imprimeideas.es\/en\/wp-json\/wp\/v2\/product"}],"about":[{"href":"https:\/\/imprimeideas.es\/en\/wp-json\/wp\/v2\/types\/product"}],"replies":[{"embeddable":true,"href":"https:\/\/imprimeideas.es\/en\/wp-json\/wp\/v2\/comments?post=63740"}],"version-history":[{"count":1,"href":"https:\/\/imprimeideas.es\/en\/wp-json\/wp\/v2\/product\/63740\/revisions"}],"predecessor-version":[{"id":63741,"href":"https:\/\/imprimeideas.es\/en\/wp-json\/wp\/v2\/product\/63740\/revisions\/63741"}],"wp:featuredmedia":[{"embeddable":true,"href":"https:\/\/imprimeideas.es\/en\/wp-json\/wp\/v2\/media\/63743"}],"wp:attachment":[{"href":"https:\/\/imprimeideas.es\/en\/wp-json\/wp\/v2\/media?parent=63740"}],"wp:term":[{"taxonomy":"product_brand","embeddable":true,"href":"https:\/\/imprimeideas.es\/en\/wp-json\/wp\/v2\/product_brand?post=63740"},{"taxonomy":"product_cat","embeddable":true,"href":"https:\/\/imprimeideas.es\/en\/wp-json\/wp\/v2\/product_cat?post=63740"},{"taxonomy":"product_tag","embeddable":true,"href":"https:\/\/imprimeideas.es\/en\/wp-json\/wp\/v2\/product_tag?post=63740"}],"curies":[{"name":"wp","href":"https:\/\/api.w.org\/{rel}","templated":true}]}}