{"id":63601,"date":"2026-02-24T18:06:22","date_gmt":"2026-02-24T17:06:22","guid":{"rendered":"https:\/\/imprimeideas.es\/producto\/pantalon-con-refuerzos-antidesgarros\/"},"modified":"2026-02-24T18:08:46","modified_gmt":"2026-02-24T17:08:46","slug":"pantalon-con-refuerzos-antidesgarros","status":"publish","type":"product","link":"https:\/\/imprimeideas.es\/en\/product\/pantalon-con-refuerzos-antidesgarros\/","title":{"rendered":"PANTALON CON REFUERZOS (ANTIDESGARROS)"},"content":{"rendered":"<p>Pantal\u00f3n en tejido el\u00e1stico Ripstop con refuerzos. Corte estilizado, dise\u00f1o &#8216;Slim Fit&#8217;.  Dos bolsos de abertura inclinada en los costados con bolsillo relojero, dos bolsos laterales interiores con cierre de cremallera de metal. Dos bolsos en el refuerzo de la culera con velcro. Colgadores de cinta tejida negra. Rodilleras y culera reforzadas. El\u00e1stico en los laterales de la cintura. Trabillas anchas. Argolla de pl\u00e1stico. Cierre de corchete y bragueta de cremallera de metal.<\/p>","protected":false},"excerpt":{"rendered":"<p>B4033 &#8211; PANTALON CON REFUERZOS (ANTIDESGARROS)<\/p>","protected":false},"featured_media":63605,"comment_status":"closed","ping_status":"open","template":"","meta":{"inline_featured_image":false},"product_brand":[],"product_cat":[2216],"product_tag":[],"class_list":{"0":"post-63601","1":"product","2":"type-product","3":"status-publish","4":"has-post-thumbnail","6":"product_cat-industriapantalon-industria","7":"pa_color-beige","8":"pa_color-gris","9":"pa_color-marino","10":"pa_color-negro","11":"pa_color-verde-kaki","13":"first","14":"instock","15":"purchasable","16":"product-type-variable"},"aioseo_notices":[],"_links":{"self":[{"href":"https:\/\/imprimeideas.es\/en\/wp-json\/wp\/v2\/product\/63601","targetHints":{"allow":["GET"]}}],"collection":[{"href":"https:\/\/imprimeideas.es\/en\/wp-json\/wp\/v2\/product"}],"about":[{"href":"https:\/\/imprimeideas.es\/en\/wp-json\/wp\/v2\/types\/product"}],"replies":[{"embeddable":true,"href":"https:\/\/imprimeideas.es\/en\/wp-json\/wp\/v2\/comments?post=63601"}],"version-history":[{"count":1,"href":"https:\/\/imprimeideas.es\/en\/wp-json\/wp\/v2\/product\/63601\/revisions"}],"predecessor-version":[{"id":63602,"href":"https:\/\/imprimeideas.es\/en\/wp-json\/wp\/v2\/product\/63601\/revisions\/63602"}],"wp:featuredmedia":[{"embeddable":true,"href":"https:\/\/imprimeideas.es\/en\/wp-json\/wp\/v2\/media\/63605"}],"wp:attachment":[{"href":"https:\/\/imprimeideas.es\/en\/wp-json\/wp\/v2\/media?parent=63601"}],"wp:term":[{"taxonomy":"product_brand","embeddable":true,"href":"https:\/\/imprimeideas.es\/en\/wp-json\/wp\/v2\/product_brand?post=63601"},{"taxonomy":"product_cat","embeddable":true,"href":"https:\/\/imprimeideas.es\/en\/wp-json\/wp\/v2\/product_cat?post=63601"},{"taxonomy":"product_tag","embeddable":true,"href":"https:\/\/imprimeideas.es\/en\/wp-json\/wp\/v2\/product_tag?post=63601"}],"curies":[{"name":"wp","href":"https:\/\/api.w.org\/{rel}","templated":true}]}}