{"id":63455,"date":"2026-02-24T18:01:12","date_gmt":"2026-02-24T17:01:12","guid":{"rendered":"https:\/\/imprimeideas.es\/producto\/pantalon-multibolsillo-tejido-elastico\/"},"modified":"2026-02-24T18:04:27","modified_gmt":"2026-02-24T17:04:27","slug":"pantalon-multibolsillo-tejido-elastico","status":"publish","type":"product","link":"https:\/\/imprimeideas.es\/en\/product\/pantalon-multibolsillo-tejido-elastico\/","title":{"rendered":"PANTALON MULTIBOLSILLO TEJIDO ELASTICO"},"content":{"rendered":"<p>Pantal\u00f3n de tejido el\u00e1stico bidireccional por construcci\u00f3n. Dos bolsos de abertura inclinada en los costados y un bolso lateral con pliegue inferior y cartera de velcro. Dos bolsos traseros con pliegue inferior, uno con cartera de velcro y un bolso de esp\u00e1tula. Trabilla porta martillo. Presillas a contraste. El\u00e1stico en los laterales de la cintura. Trabillas de diferente tama\u00f1o. Cierre de bot\u00f3n met\u00e1lico y bragueta de cremallera.<\/p>","protected":false},"excerpt":{"rendered":"<p>B4030 &#8211; PANTALON MULTIBOLSILLO TEJIDO ELASTICO<\/p>","protected":false},"featured_media":63460,"comment_status":"closed","ping_status":"open","template":"","meta":{"inline_featured_image":false},"product_brand":[],"product_cat":[2216],"product_tag":[],"class_list":{"0":"post-63455","1":"product","2":"type-product","3":"status-publish","4":"has-post-thumbnail","6":"product_cat-industriapantalon-industria","7":"pa_color-azulina","8":"pa_color-blanco","9":"pa_color-gris","10":"pa_color-marino","11":"pa_color-negro","12":"pa_color-rojo","13":"pa_color-verde","15":"first","16":"instock","17":"purchasable","18":"product-type-variable"},"aioseo_notices":[],"_links":{"self":[{"href":"https:\/\/imprimeideas.es\/en\/wp-json\/wp\/v2\/product\/63455","targetHints":{"allow":["GET"]}}],"collection":[{"href":"https:\/\/imprimeideas.es\/en\/wp-json\/wp\/v2\/product"}],"about":[{"href":"https:\/\/imprimeideas.es\/en\/wp-json\/wp\/v2\/types\/product"}],"replies":[{"embeddable":true,"href":"https:\/\/imprimeideas.es\/en\/wp-json\/wp\/v2\/comments?post=63455"}],"version-history":[{"count":1,"href":"https:\/\/imprimeideas.es\/en\/wp-json\/wp\/v2\/product\/63455\/revisions"}],"predecessor-version":[{"id":63457,"href":"https:\/\/imprimeideas.es\/en\/wp-json\/wp\/v2\/product\/63455\/revisions\/63457"}],"wp:featuredmedia":[{"embeddable":true,"href":"https:\/\/imprimeideas.es\/en\/wp-json\/wp\/v2\/media\/63460"}],"wp:attachment":[{"href":"https:\/\/imprimeideas.es\/en\/wp-json\/wp\/v2\/media?parent=63455"}],"wp:term":[{"taxonomy":"product_brand","embeddable":true,"href":"https:\/\/imprimeideas.es\/en\/wp-json\/wp\/v2\/product_brand?post=63455"},{"taxonomy":"product_cat","embeddable":true,"href":"https:\/\/imprimeideas.es\/en\/wp-json\/wp\/v2\/product_cat?post=63455"},{"taxonomy":"product_tag","embeddable":true,"href":"https:\/\/imprimeideas.es\/en\/wp-json\/wp\/v2\/product_tag?post=63455"}],"curies":[{"name":"wp","href":"https:\/\/api.w.org\/{rel}","templated":true}]}}