{"id":63394,"date":"2026-02-24T17:59:17","date_gmt":"2026-02-24T16:59:17","guid":{"rendered":"https:\/\/imprimeideas.es\/producto\/pantalon-de-senora\/"},"modified":"2026-02-24T18:01:12","modified_gmt":"2026-02-24T17:01:12","slug":"pantalon-de-senora","status":"publish","type":"product","link":"https:\/\/imprimeideas.es\/en\/product\/pantalon-de-senora\/","title":{"rendered":"PANTALON DE SE\u00d1ORA"},"content":{"rendered":"<p>Pantal\u00f3n de se\u00f1ora recto de algod\u00f3n con dos bolsos de abertura inclinada en los costados. Dos bolsos traseros interiores con cierre de ojal y bot\u00f3n. Trabillas. Cierre de bot\u00f3n y bragueta de cremallera de metal.<\/p>","protected":false},"excerpt":{"rendered":"<p>B4025 &#8211; PANTALON DE SE\u00d1ORA<\/p>","protected":false},"featured_media":28619,"comment_status":"closed","ping_status":"open","template":"","meta":{"inline_featured_image":false},"product_brand":[],"product_cat":[2225],"product_tag":[],"class_list":{"0":"post-63394","1":"product","2":"type-product","3":"status-publish","4":"has-post-thumbnail","6":"product_cat-hosteleriasalapantalon-salaindustriapantalon-industriamujerpantalon","7":"pa_color-beige","8":"pa_color-marino","9":"pa_color-negro","11":"first","12":"instock","13":"purchasable","14":"product-type-variable"},"aioseo_notices":[],"_links":{"self":[{"href":"https:\/\/imprimeideas.es\/en\/wp-json\/wp\/v2\/product\/63394","targetHints":{"allow":["GET"]}}],"collection":[{"href":"https:\/\/imprimeideas.es\/en\/wp-json\/wp\/v2\/product"}],"about":[{"href":"https:\/\/imprimeideas.es\/en\/wp-json\/wp\/v2\/types\/product"}],"replies":[{"embeddable":true,"href":"https:\/\/imprimeideas.es\/en\/wp-json\/wp\/v2\/comments?post=63394"}],"version-history":[{"count":1,"href":"https:\/\/imprimeideas.es\/en\/wp-json\/wp\/v2\/product\/63394\/revisions"}],"predecessor-version":[{"id":63395,"href":"https:\/\/imprimeideas.es\/en\/wp-json\/wp\/v2\/product\/63394\/revisions\/63395"}],"wp:featuredmedia":[{"embeddable":true,"href":"https:\/\/imprimeideas.es\/en\/wp-json\/wp\/v2\/media\/28619"}],"wp:attachment":[{"href":"https:\/\/imprimeideas.es\/en\/wp-json\/wp\/v2\/media?parent=63394"}],"wp:term":[{"taxonomy":"product_brand","embeddable":true,"href":"https:\/\/imprimeideas.es\/en\/wp-json\/wp\/v2\/product_brand?post=63394"},{"taxonomy":"product_cat","embeddable":true,"href":"https:\/\/imprimeideas.es\/en\/wp-json\/wp\/v2\/product_cat?post=63394"},{"taxonomy":"product_tag","embeddable":true,"href":"https:\/\/imprimeideas.es\/en\/wp-json\/wp\/v2\/product_tag?post=63394"}],"curies":[{"name":"wp","href":"https:\/\/api.w.org\/{rel}","templated":true}]}}