{"id":63358,"date":"2026-02-24T17:56:43","date_gmt":"2026-02-24T16:56:43","guid":{"rendered":"https:\/\/imprimeideas.es\/producto\/pantalon\/"},"modified":"2026-02-24T17:59:17","modified_gmt":"2026-02-24T16:59:17","slug":"pantalon","status":"publish","type":"product","link":"https:\/\/imprimeideas.es\/en\/product\/pantalon\/","title":{"rendered":"PANTALON"},"content":{"rendered":"<p>Pantal\u00f3n recto de algod\u00f3n con dos bolsos de abertura inclinada en los costados. Dos bolsos traseros interiores con cierre de ojal y bot\u00f3n. Trabillas. Cierre de bot\u00f3n y bragueta de cremallera de metal.<\/p>","protected":false},"excerpt":{"rendered":"<p>B4020 &#8211; PANTALON<\/p>","protected":false},"featured_media":28602,"comment_status":"closed","ping_status":"open","template":"","meta":{"inline_featured_image":false},"product_brand":[],"product_cat":[2224],"product_tag":[],"class_list":{"0":"post-63358","1":"product","2":"type-product","3":"status-publish","4":"has-post-thumbnail","6":"product_cat-hosteleriasalapantalon-salaindustriapantalon-industriatallas-especialespantalon-te","7":"pa_color-beige","8":"pa_color-marino","9":"pa_color-negro","11":"first","12":"instock","13":"purchasable","14":"product-type-variable"},"aioseo_notices":[],"_links":{"self":[{"href":"https:\/\/imprimeideas.es\/en\/wp-json\/wp\/v2\/product\/63358","targetHints":{"allow":["GET"]}}],"collection":[{"href":"https:\/\/imprimeideas.es\/en\/wp-json\/wp\/v2\/product"}],"about":[{"href":"https:\/\/imprimeideas.es\/en\/wp-json\/wp\/v2\/types\/product"}],"replies":[{"embeddable":true,"href":"https:\/\/imprimeideas.es\/en\/wp-json\/wp\/v2\/comments?post=63358"}],"version-history":[{"count":1,"href":"https:\/\/imprimeideas.es\/en\/wp-json\/wp\/v2\/product\/63358\/revisions"}],"predecessor-version":[{"id":63359,"href":"https:\/\/imprimeideas.es\/en\/wp-json\/wp\/v2\/product\/63358\/revisions\/63359"}],"wp:featuredmedia":[{"embeddable":true,"href":"https:\/\/imprimeideas.es\/en\/wp-json\/wp\/v2\/media\/28602"}],"wp:attachment":[{"href":"https:\/\/imprimeideas.es\/en\/wp-json\/wp\/v2\/media?parent=63358"}],"wp:term":[{"taxonomy":"product_brand","embeddable":true,"href":"https:\/\/imprimeideas.es\/en\/wp-json\/wp\/v2\/product_brand?post=63358"},{"taxonomy":"product_cat","embeddable":true,"href":"https:\/\/imprimeideas.es\/en\/wp-json\/wp\/v2\/product_cat?post=63358"},{"taxonomy":"product_tag","embeddable":true,"href":"https:\/\/imprimeideas.es\/en\/wp-json\/wp\/v2\/product_tag?post=63358"}],"curies":[{"name":"wp","href":"https:\/\/api.w.org\/{rel}","templated":true}]}}