{"id":63328,"date":"2026-02-24T17:55:57","date_gmt":"2026-02-24T16:55:57","guid":{"rendered":"https:\/\/imprimeideas.es\/producto\/pantalon-vaquero\/"},"modified":"2026-02-24T17:56:43","modified_gmt":"2026-02-24T16:56:43","slug":"pantalon-vaquero","status":"publish","type":"product","link":"https:\/\/imprimeideas.es\/en\/product\/pantalon-vaquero\/","title":{"rendered":"PANTALON VAQUERO"},"content":{"rendered":"<p>Pantal\u00f3n vaquero de cinco bolsillos. Tejido resistente, corte regular y talle est\u00e1ndar. Dos bolsos de abertura redonda en los costados con bolso relojero. Dos bolsos traseros de plast\u00f3n sin remaches y con costuras de fantas\u00eda. Canes\u00fa trasero. Color azul oscuro y dobles pespuntes a contraste en tono ocre. Remaches en los bolsos delanteros. Etiqueta posterior de piel. Trabillas. Cierre de bot\u00f3n met\u00e1lico y bragueta de cremallera de metal.<\/p>","protected":false},"excerpt":{"rendered":"<p>B4003 &#8211; PANTALON VAQUERO<\/p>","protected":false},"featured_media":63332,"comment_status":"closed","ping_status":"open","template":"","meta":{"inline_featured_image":false},"product_brand":[],"product_cat":[2192],"product_tag":[],"class_list":{"0":"post-63328","1":"product","2":"type-product","3":"status-publish","4":"has-post-thumbnail","6":"product_cat-hosteleriasalapantalon-salatallas-especialespantalon-te","7":"pa_color-vaquero","9":"first","10":"instock","11":"purchasable","12":"product-type-variable"},"aioseo_notices":[],"_links":{"self":[{"href":"https:\/\/imprimeideas.es\/en\/wp-json\/wp\/v2\/product\/63328","targetHints":{"allow":["GET"]}}],"collection":[{"href":"https:\/\/imprimeideas.es\/en\/wp-json\/wp\/v2\/product"}],"about":[{"href":"https:\/\/imprimeideas.es\/en\/wp-json\/wp\/v2\/types\/product"}],"replies":[{"embeddable":true,"href":"https:\/\/imprimeideas.es\/en\/wp-json\/wp\/v2\/comments?post=63328"}],"version-history":[{"count":1,"href":"https:\/\/imprimeideas.es\/en\/wp-json\/wp\/v2\/product\/63328\/revisions"}],"predecessor-version":[{"id":63329,"href":"https:\/\/imprimeideas.es\/en\/wp-json\/wp\/v2\/product\/63328\/revisions\/63329"}],"wp:featuredmedia":[{"embeddable":true,"href":"https:\/\/imprimeideas.es\/en\/wp-json\/wp\/v2\/media\/63332"}],"wp:attachment":[{"href":"https:\/\/imprimeideas.es\/en\/wp-json\/wp\/v2\/media?parent=63328"}],"wp:term":[{"taxonomy":"product_brand","embeddable":true,"href":"https:\/\/imprimeideas.es\/en\/wp-json\/wp\/v2\/product_brand?post=63328"},{"taxonomy":"product_cat","embeddable":true,"href":"https:\/\/imprimeideas.es\/en\/wp-json\/wp\/v2\/product_cat?post=63328"},{"taxonomy":"product_tag","embeddable":true,"href":"https:\/\/imprimeideas.es\/en\/wp-json\/wp\/v2\/product_tag?post=63328"}],"curies":[{"name":"wp","href":"https:\/\/api.w.org\/{rel}","templated":true}]}}