{"id":63238,"date":"2026-02-24T17:51:52","date_gmt":"2026-02-24T16:51:52","guid":{"rendered":"https:\/\/imprimeideas.es\/producto\/buzo-de-alimentacion\/"},"modified":"2026-02-24T17:53:06","modified_gmt":"2026-02-24T16:53:06","slug":"buzo-de-alimentacion","status":"publish","type":"product","link":"https:\/\/imprimeideas.es\/en\/product\/buzo-de-alimentacion\/","title":{"rendered":"BUZO DE ALIMENTACION"},"content":{"rendered":"<p>Buzo con cuello camisero y solapa postiza de velcro para alimentaci\u00f3n. Un bolso de pecho de plast\u00f3n con cierre de velcro en el interior. Abertura de acceso al interior con cierre de corchete en los costados. Pu\u00f1o el\u00e1stico. El\u00e1stico en la espalda.<\/p>","protected":false},"excerpt":{"rendered":"<p>B3010 &#8211; BUZO DE ALIMENTACION<\/p>","protected":false},"featured_media":28560,"comment_status":"closed","ping_status":"open","template":"","meta":{"inline_featured_image":false},"product_brand":[],"product_cat":[2222],"product_tag":[],"class_list":{"0":"post-63238","1":"product","2":"type-product","3":"status-publish","4":"has-post-thumbnail","6":"product_cat-basicosbuzo-basicosalimentacionbuzo-alimentaciontallas-especialesbuzo-te","7":"pa_color-blanco","8":"pa_color-verde","10":"first","11":"instock","12":"purchasable","13":"product-type-variable"},"aioseo_notices":[],"_links":{"self":[{"href":"https:\/\/imprimeideas.es\/en\/wp-json\/wp\/v2\/product\/63238","targetHints":{"allow":["GET"]}}],"collection":[{"href":"https:\/\/imprimeideas.es\/en\/wp-json\/wp\/v2\/product"}],"about":[{"href":"https:\/\/imprimeideas.es\/en\/wp-json\/wp\/v2\/types\/product"}],"replies":[{"embeddable":true,"href":"https:\/\/imprimeideas.es\/en\/wp-json\/wp\/v2\/comments?post=63238"}],"version-history":[{"count":1,"href":"https:\/\/imprimeideas.es\/en\/wp-json\/wp\/v2\/product\/63238\/revisions"}],"predecessor-version":[{"id":63239,"href":"https:\/\/imprimeideas.es\/en\/wp-json\/wp\/v2\/product\/63238\/revisions\/63239"}],"wp:featuredmedia":[{"embeddable":true,"href":"https:\/\/imprimeideas.es\/en\/wp-json\/wp\/v2\/media\/28560"}],"wp:attachment":[{"href":"https:\/\/imprimeideas.es\/en\/wp-json\/wp\/v2\/media?parent=63238"}],"wp:term":[{"taxonomy":"product_brand","embeddable":true,"href":"https:\/\/imprimeideas.es\/en\/wp-json\/wp\/v2\/product_brand?post=63238"},{"taxonomy":"product_cat","embeddable":true,"href":"https:\/\/imprimeideas.es\/en\/wp-json\/wp\/v2\/product_cat?post=63238"},{"taxonomy":"product_tag","embeddable":true,"href":"https:\/\/imprimeideas.es\/en\/wp-json\/wp\/v2\/product_tag?post=63238"}],"curies":[{"name":"wp","href":"https:\/\/api.w.org\/{rel}","templated":true}]}}