{"id":63135,"date":"2026-02-24T17:48:04","date_gmt":"2026-02-24T16:48:04","guid":{"rendered":"https:\/\/imprimeideas.es\/producto\/peto\/"},"modified":"2026-02-24T17:51:53","modified_gmt":"2026-02-24T16:51:53","slug":"peto","status":"publish","type":"product","link":"https:\/\/imprimeideas.es\/en\/product\/peto\/","title":{"rendered":"PETO"},"content":{"rendered":"<p>Peto con media espalda cubierta. Tirantes con el\u00e1stico y hebillas autom\u00e1ticas. Un bolso de pecho de plast\u00f3n con cartera de botones, dos bolsos de abertura inclinada en los costados. Un bolso trasero de plast\u00f3n y un bolso de esp\u00e1tula. Cierre de botones en los laterales y bragueta de cremallera de nylon. El\u00e1stico en la espalda.<\/p>","protected":false},"excerpt":{"rendered":"<p>B2700 &#8211; PETO<\/p>","protected":false},"featured_media":28542,"comment_status":"closed","ping_status":"open","template":"","meta":{"inline_featured_image":false},"product_brand":[],"product_cat":[2221],"product_tag":[],"class_list":{"0":"post-63135","1":"product","2":"type-product","3":"status-publish","4":"has-post-thumbnail","6":"product_cat-industriapeto-industriatallas-especialespeto-te","7":"pa_color-azulina","8":"pa_color-beige","9":"pa_color-blanco","10":"pa_color-gris","11":"pa_color-negro","12":"pa_color-verde","14":"first","15":"instock","16":"purchasable","17":"product-type-variable"},"aioseo_notices":[],"_links":{"self":[{"href":"https:\/\/imprimeideas.es\/en\/wp-json\/wp\/v2\/product\/63135","targetHints":{"allow":["GET"]}}],"collection":[{"href":"https:\/\/imprimeideas.es\/en\/wp-json\/wp\/v2\/product"}],"about":[{"href":"https:\/\/imprimeideas.es\/en\/wp-json\/wp\/v2\/types\/product"}],"replies":[{"embeddable":true,"href":"https:\/\/imprimeideas.es\/en\/wp-json\/wp\/v2\/comments?post=63135"}],"version-history":[{"count":1,"href":"https:\/\/imprimeideas.es\/en\/wp-json\/wp\/v2\/product\/63135\/revisions"}],"predecessor-version":[{"id":63136,"href":"https:\/\/imprimeideas.es\/en\/wp-json\/wp\/v2\/product\/63135\/revisions\/63136"}],"wp:featuredmedia":[{"embeddable":true,"href":"https:\/\/imprimeideas.es\/en\/wp-json\/wp\/v2\/media\/28542"}],"wp:attachment":[{"href":"https:\/\/imprimeideas.es\/en\/wp-json\/wp\/v2\/media?parent=63135"}],"wp:term":[{"taxonomy":"product_brand","embeddable":true,"href":"https:\/\/imprimeideas.es\/en\/wp-json\/wp\/v2\/product_brand?post=63135"},{"taxonomy":"product_cat","embeddable":true,"href":"https:\/\/imprimeideas.es\/en\/wp-json\/wp\/v2\/product_cat?post=63135"},{"taxonomy":"product_tag","embeddable":true,"href":"https:\/\/imprimeideas.es\/en\/wp-json\/wp\/v2\/product_tag?post=63135"}],"curies":[{"name":"wp","href":"https:\/\/api.w.org\/{rel}","templated":true}]}}