{"id":62990,"date":"2026-02-24T17:41:37","date_gmt":"2026-02-24T16:41:37","guid":{"rendered":"https:\/\/imprimeideas.es\/producto\/buzo-estilo-italiano\/"},"modified":"2026-02-24T17:47:29","modified_gmt":"2026-02-24T16:47:29","slug":"buzo-estilo-italiano","status":"publish","type":"product","link":"https:\/\/imprimeideas.es\/en\/product\/buzo-estilo-italiano\/","title":{"rendered":"BUZO ESTILO ITALIANO"},"content":{"rendered":"<p>Buzo de estilo italiano. Cuello camisero y cierre de cremallera de nylon de doble tirador. Manga rangl\u00e1n con pu\u00f1o el\u00e1stico. Un bolso de pecho de plast\u00f3n con cremallera de nylon, dos bolsos de abertura inclinada en los costados. Un bolso trasero de plast\u00f3n y un bolso de esp\u00e1tula. El\u00e1stico en la espalda.<\/p>","protected":false},"excerpt":{"rendered":"<p>B2000 &#8211; BUZO ESTILO ITALIANO<\/p>","protected":false},"featured_media":27351,"comment_status":"closed","ping_status":"open","template":"","meta":{"inline_featured_image":false},"product_brand":[],"product_cat":[2219],"product_tag":[],"class_list":{"0":"post-62990","1":"product","2":"type-product","3":"status-publish","4":"has-post-thumbnail","6":"product_cat-industriabuzo-industriatallas-especialesbuzo-te","7":"pa_color-amarillo","8":"pa_color-azulina","9":"pa_color-beige","10":"pa_color-blanco","11":"pa_color-gris","12":"pa_color-marino","13":"pa_color-naranja","14":"pa_color-rojo","15":"pa_color-verde","17":"first","18":"instock","19":"purchasable","20":"product-type-variable"},"aioseo_notices":[],"_links":{"self":[{"href":"https:\/\/imprimeideas.es\/en\/wp-json\/wp\/v2\/product\/62990","targetHints":{"allow":["GET"]}}],"collection":[{"href":"https:\/\/imprimeideas.es\/en\/wp-json\/wp\/v2\/product"}],"about":[{"href":"https:\/\/imprimeideas.es\/en\/wp-json\/wp\/v2\/types\/product"}],"replies":[{"embeddable":true,"href":"https:\/\/imprimeideas.es\/en\/wp-json\/wp\/v2\/comments?post=62990"}],"version-history":[{"count":1,"href":"https:\/\/imprimeideas.es\/en\/wp-json\/wp\/v2\/product\/62990\/revisions"}],"predecessor-version":[{"id":62991,"href":"https:\/\/imprimeideas.es\/en\/wp-json\/wp\/v2\/product\/62990\/revisions\/62991"}],"wp:featuredmedia":[{"embeddable":true,"href":"https:\/\/imprimeideas.es\/en\/wp-json\/wp\/v2\/media\/27351"}],"wp:attachment":[{"href":"https:\/\/imprimeideas.es\/en\/wp-json\/wp\/v2\/media?parent=62990"}],"wp:term":[{"taxonomy":"product_brand","embeddable":true,"href":"https:\/\/imprimeideas.es\/en\/wp-json\/wp\/v2\/product_brand?post=62990"},{"taxonomy":"product_cat","embeddable":true,"href":"https:\/\/imprimeideas.es\/en\/wp-json\/wp\/v2\/product_cat?post=62990"},{"taxonomy":"product_tag","embeddable":true,"href":"https:\/\/imprimeideas.es\/en\/wp-json\/wp\/v2\/product_tag?post=62990"}],"curies":[{"name":"wp","href":"https:\/\/api.w.org\/{rel}","templated":true}]}}