{"id":62903,"date":"2026-02-24T17:39:17","date_gmt":"2026-02-24T16:39:17","guid":{"rendered":"https:\/\/imprimeideas.es\/producto\/pantalon-multibolsillo-8\/"},"modified":"2026-02-24T17:40:03","modified_gmt":"2026-02-24T16:40:03","slug":"pantalon-multibolsillo-8","status":"publish","type":"product","link":"https:\/\/imprimeideas.es\/en\/product\/pantalon-multibolsillo-8\/","title":{"rendered":"PANTALON MULTIBOLSILLO"},"content":{"rendered":"<p>Pantal\u00f3n recto de algod\u00f3n con dos bolsos de abertura inclinada en los costados, un bolso lateral de carga con cartera de velcro. Un bolso trasero de plast\u00f3n con cartera de velcro. El\u00e1stico en cintura. Trabillas. Cierre de bot\u00f3n y bragueta de cremallera.<\/p>","protected":false},"excerpt":{"rendered":"<p>B1457 &#8211; PANTALON MULTIBOLSILLO<\/p>","protected":false},"featured_media":62906,"comment_status":"closed","ping_status":"open","template":"","meta":{"inline_featured_image":false},"product_brand":[],"product_cat":[2213],"product_tag":[],"class_list":{"0":"post-62903","1":"product","2":"type-product","3":"status-publish","4":"has-post-thumbnail","6":"product_cat-industriapantalon-industriatallas-especialespantalon-te","7":"pa_color-marino","9":"first","10":"instock","11":"purchasable","12":"product-type-variable"},"aioseo_notices":[],"_links":{"self":[{"href":"https:\/\/imprimeideas.es\/en\/wp-json\/wp\/v2\/product\/62903","targetHints":{"allow":["GET"]}}],"collection":[{"href":"https:\/\/imprimeideas.es\/en\/wp-json\/wp\/v2\/product"}],"about":[{"href":"https:\/\/imprimeideas.es\/en\/wp-json\/wp\/v2\/types\/product"}],"replies":[{"embeddable":true,"href":"https:\/\/imprimeideas.es\/en\/wp-json\/wp\/v2\/comments?post=62903"}],"version-history":[{"count":1,"href":"https:\/\/imprimeideas.es\/en\/wp-json\/wp\/v2\/product\/62903\/revisions"}],"predecessor-version":[{"id":62904,"href":"https:\/\/imprimeideas.es\/en\/wp-json\/wp\/v2\/product\/62903\/revisions\/62904"}],"wp:featuredmedia":[{"embeddable":true,"href":"https:\/\/imprimeideas.es\/en\/wp-json\/wp\/v2\/media\/62906"}],"wp:attachment":[{"href":"https:\/\/imprimeideas.es\/en\/wp-json\/wp\/v2\/media?parent=62903"}],"wp:term":[{"taxonomy":"product_brand","embeddable":true,"href":"https:\/\/imprimeideas.es\/en\/wp-json\/wp\/v2\/product_brand?post=62903"},{"taxonomy":"product_cat","embeddable":true,"href":"https:\/\/imprimeideas.es\/en\/wp-json\/wp\/v2\/product_cat?post=62903"},{"taxonomy":"product_tag","embeddable":true,"href":"https:\/\/imprimeideas.es\/en\/wp-json\/wp\/v2\/product_tag?post=62903"}],"curies":[{"name":"wp","href":"https:\/\/api.w.org\/{rel}","templated":true}]}}