{"id":62779,"date":"2026-02-24T17:34:29","date_gmt":"2026-02-24T16:34:29","guid":{"rendered":"https:\/\/imprimeideas.es\/producto\/pantalon-multibolsillo-6\/"},"modified":"2026-02-24T17:36:46","modified_gmt":"2026-02-24T16:36:46","slug":"pantalon-multibolsillo-6","status":"publish","type":"product","link":"https:\/\/imprimeideas.es\/en\/product\/pantalon-multibolsillo-6\/","title":{"rendered":"PANTALON MULTIBOLSILLO"},"content":{"rendered":"<p>Pantal\u00f3n recto de algod\u00f3n con dos bolsos de abertura inclinada en los costados, un bolso lateral de carga con cartera de velcro. Un bolso trasero de plast\u00f3n con cartera de velcro y un bolso de esp\u00e1tula doble. El\u00e1stico en los laterales de la cintura. Trabillas. Cierre de bot\u00f3n y bragueta de cremallera de metal.<\/p>","protected":false},"excerpt":{"rendered":"<p>B1455 &#8211; PANTALON MULTIBOLSILLO<\/p>","protected":false},"featured_media":27171,"comment_status":"closed","ping_status":"open","template":"","meta":{"inline_featured_image":false},"product_brand":[],"product_cat":[2213],"product_tag":[],"class_list":{"0":"post-62779","1":"product","2":"type-product","3":"status-publish","4":"has-post-thumbnail","6":"product_cat-industriapantalon-industriatallas-especialespantalon-te","7":"pa_color-azulina","8":"pa_color-gris","9":"pa_color-marino","11":"first","12":"instock","13":"purchasable","14":"product-type-variable"},"aioseo_notices":[],"_links":{"self":[{"href":"https:\/\/imprimeideas.es\/en\/wp-json\/wp\/v2\/product\/62779","targetHints":{"allow":["GET"]}}],"collection":[{"href":"https:\/\/imprimeideas.es\/en\/wp-json\/wp\/v2\/product"}],"about":[{"href":"https:\/\/imprimeideas.es\/en\/wp-json\/wp\/v2\/types\/product"}],"replies":[{"embeddable":true,"href":"https:\/\/imprimeideas.es\/en\/wp-json\/wp\/v2\/comments?post=62779"}],"version-history":[{"count":1,"href":"https:\/\/imprimeideas.es\/en\/wp-json\/wp\/v2\/product\/62779\/revisions"}],"predecessor-version":[{"id":62780,"href":"https:\/\/imprimeideas.es\/en\/wp-json\/wp\/v2\/product\/62779\/revisions\/62780"}],"wp:featuredmedia":[{"embeddable":true,"href":"https:\/\/imprimeideas.es\/en\/wp-json\/wp\/v2\/media\/27171"}],"wp:attachment":[{"href":"https:\/\/imprimeideas.es\/en\/wp-json\/wp\/v2\/media?parent=62779"}],"wp:term":[{"taxonomy":"product_brand","embeddable":true,"href":"https:\/\/imprimeideas.es\/en\/wp-json\/wp\/v2\/product_brand?post=62779"},{"taxonomy":"product_cat","embeddable":true,"href":"https:\/\/imprimeideas.es\/en\/wp-json\/wp\/v2\/product_cat?post=62779"},{"taxonomy":"product_tag","embeddable":true,"href":"https:\/\/imprimeideas.es\/en\/wp-json\/wp\/v2\/product_tag?post=62779"}],"curies":[{"name":"wp","href":"https:\/\/api.w.org\/{rel}","templated":true}]}}