{"id":62770,"date":"2026-02-24T17:34:04","date_gmt":"2026-02-24T16:34:04","guid":{"rendered":"https:\/\/imprimeideas.es\/producto\/bermuda-con-refuerzo\/"},"modified":"2026-02-24T17:34:29","modified_gmt":"2026-02-24T16:34:29","slug":"bermuda-con-refuerzo","status":"publish","type":"product","link":"https:\/\/imprimeideas.es\/en\/product\/bermuda-con-refuerzo\/","title":{"rendered":"BERMUDA CON REFUERZO"},"content":{"rendered":"<p>Bermuda de tejido el\u00e1stico bidireccional por construcci\u00f3n. Dos bolsos de abertura inclinada en los costados y dos bolsos laterales de plast\u00f3n con pliegue central y cierre de cremallera. Dos bolsos traseros interiores con cierre de cremallera. Culera reforzada. El\u00e1stico en los laterales de la cintura. Amplias trabillas. Cinta antideslizante en el interior de la cintura. Cierre de bot\u00f3n y bragueta de cremallera.<\/p>","protected":false},"excerpt":{"rendered":"<p>B1435 &#8211; BERMUDA CON REFUERZO<\/p>","protected":false},"featured_media":62773,"comment_status":"closed","ping_status":"open","template":"","meta":{"inline_featured_image":false},"product_brand":[],"product_cat":[2218],"product_tag":[],"class_list":{"0":"post-62770","1":"product","2":"type-product","3":"status-publish","4":"has-post-thumbnail","6":"product_cat-industriabermuda-industria","7":"pa_color-marino-oscuro","9":"first","10":"instock","11":"purchasable","12":"product-type-variable"},"aioseo_notices":[],"_links":{"self":[{"href":"https:\/\/imprimeideas.es\/en\/wp-json\/wp\/v2\/product\/62770","targetHints":{"allow":["GET"]}}],"collection":[{"href":"https:\/\/imprimeideas.es\/en\/wp-json\/wp\/v2\/product"}],"about":[{"href":"https:\/\/imprimeideas.es\/en\/wp-json\/wp\/v2\/types\/product"}],"replies":[{"embeddable":true,"href":"https:\/\/imprimeideas.es\/en\/wp-json\/wp\/v2\/comments?post=62770"}],"version-history":[{"count":1,"href":"https:\/\/imprimeideas.es\/en\/wp-json\/wp\/v2\/product\/62770\/revisions"}],"predecessor-version":[{"id":62771,"href":"https:\/\/imprimeideas.es\/en\/wp-json\/wp\/v2\/product\/62770\/revisions\/62771"}],"wp:featuredmedia":[{"embeddable":true,"href":"https:\/\/imprimeideas.es\/en\/wp-json\/wp\/v2\/media\/62773"}],"wp:attachment":[{"href":"https:\/\/imprimeideas.es\/en\/wp-json\/wp\/v2\/media?parent=62770"}],"wp:term":[{"taxonomy":"product_brand","embeddable":true,"href":"https:\/\/imprimeideas.es\/en\/wp-json\/wp\/v2\/product_brand?post=62770"},{"taxonomy":"product_cat","embeddable":true,"href":"https:\/\/imprimeideas.es\/en\/wp-json\/wp\/v2\/product_cat?post=62770"},{"taxonomy":"product_tag","embeddable":true,"href":"https:\/\/imprimeideas.es\/en\/wp-json\/wp\/v2\/product_tag?post=62770"}],"curies":[{"name":"wp","href":"https:\/\/api.w.org\/{rel}","templated":true}]}}