{"id":62746,"date":"2026-02-24T17:32:50","date_gmt":"2026-02-24T16:32:50","guid":{"rendered":"https:\/\/imprimeideas.es\/producto\/pantalon-con-refuerzos-2\/"},"modified":"2026-02-24T17:33:40","modified_gmt":"2026-02-24T16:33:40","slug":"pantalon-con-refuerzos-2","status":"publish","type":"product","link":"https:\/\/imprimeideas.es\/en\/product\/pantalon-con-refuerzos-2\/","title":{"rendered":"PANTALON CON REFUERZOS"},"content":{"rendered":"<p>Pantal\u00f3n de tejido el\u00e1stico bidireccional por construcci\u00f3n. Dos bolsos de abertura inclinada en los costados y dos bolsos laterales de carga con cartera de bot\u00f3n oculto. Dos bolsos traseros interiores con cartera de pico y bot\u00f3n. Culera y rodillera reforzada.  El\u00e1stico en los laterales de la cintura. Amplias trabillas con bot\u00f3n. Cinta antideslizante en el interior de la cintura. Cierre de bot\u00f3n y bragueta de cremallera.<\/p>","protected":false},"excerpt":{"rendered":"<p>B1432 &#8211; PANTALON CON REFUERZOS<\/p>","protected":false},"featured_media":62749,"comment_status":"closed","ping_status":"open","template":"","meta":{"inline_featured_image":false},"product_brand":[],"product_cat":[2213],"product_tag":[],"class_list":{"0":"post-62746","1":"product","2":"type-product","3":"status-publish","4":"has-post-thumbnail","6":"product_cat-industriapantalon-industriatallas-especialespantalon-te","7":"pa_color-marino-oscuro","9":"first","10":"instock","11":"purchasable","12":"product-type-variable"},"aioseo_notices":[],"_links":{"self":[{"href":"https:\/\/imprimeideas.es\/en\/wp-json\/wp\/v2\/product\/62746","targetHints":{"allow":["GET"]}}],"collection":[{"href":"https:\/\/imprimeideas.es\/en\/wp-json\/wp\/v2\/product"}],"about":[{"href":"https:\/\/imprimeideas.es\/en\/wp-json\/wp\/v2\/types\/product"}],"replies":[{"embeddable":true,"href":"https:\/\/imprimeideas.es\/en\/wp-json\/wp\/v2\/comments?post=62746"}],"version-history":[{"count":1,"href":"https:\/\/imprimeideas.es\/en\/wp-json\/wp\/v2\/product\/62746\/revisions"}],"predecessor-version":[{"id":62747,"href":"https:\/\/imprimeideas.es\/en\/wp-json\/wp\/v2\/product\/62746\/revisions\/62747"}],"wp:featuredmedia":[{"embeddable":true,"href":"https:\/\/imprimeideas.es\/en\/wp-json\/wp\/v2\/media\/62749"}],"wp:attachment":[{"href":"https:\/\/imprimeideas.es\/en\/wp-json\/wp\/v2\/media?parent=62746"}],"wp:term":[{"taxonomy":"product_brand","embeddable":true,"href":"https:\/\/imprimeideas.es\/en\/wp-json\/wp\/v2\/product_brand?post=62746"},{"taxonomy":"product_cat","embeddable":true,"href":"https:\/\/imprimeideas.es\/en\/wp-json\/wp\/v2\/product_cat?post=62746"},{"taxonomy":"product_tag","embeddable":true,"href":"https:\/\/imprimeideas.es\/en\/wp-json\/wp\/v2\/product_tag?post=62746"}],"curies":[{"name":"wp","href":"https:\/\/api.w.org\/{rel}","templated":true}]}}