{"id":62471,"date":"2026-02-24T17:21:22","date_gmt":"2026-02-24T16:21:22","guid":{"rendered":"https:\/\/imprimeideas.es\/producto\/pantalon-con-refuerzos\/"},"modified":"2026-02-24T17:26:06","modified_gmt":"2026-02-24T16:26:06","slug":"pantalon-con-refuerzos","status":"publish","type":"product","link":"https:\/\/imprimeideas.es\/en\/product\/pantalon-con-refuerzos\/","title":{"rendered":"PANTALON CON REFUERZOS"},"content":{"rendered":"<p>Pantal\u00f3n con refuerzos. Dos bolsos de abertura inclinada en los costados, dos bolsos laterales de carga con cartera de bot\u00f3n oculto. Dos bolsos traseros interiores con cartera de pico y bot\u00f3n. Culera y rodilleras reforzadas. Bajos ajustables con cord\u00f3n. Sin el\u00e1stico en cintura. Trabillas. Cierre de bot\u00f3n y bragueta de cremallera.<\/p>","protected":false},"excerpt":{"rendered":"<p>B1416 &#8211; PANTALON CON REFUERZOS<\/p>","protected":false},"featured_media":27063,"comment_status":"closed","ping_status":"open","template":"","meta":{"inline_featured_image":false},"product_brand":[],"product_cat":[2213],"product_tag":[],"class_list":{"0":"post-62471","1":"product","2":"type-product","3":"status-publish","4":"has-post-thumbnail","6":"product_cat-industriapantalon-industriatallas-especialespantalon-te","7":"pa_color-azulina","8":"pa_color-beige","9":"pa_color-gris","10":"pa_color-marino","11":"pa_color-negro","12":"pa_color-verde-kaki","14":"first","15":"instock","16":"purchasable","17":"product-type-variable"},"aioseo_notices":[],"_links":{"self":[{"href":"https:\/\/imprimeideas.es\/en\/wp-json\/wp\/v2\/product\/62471","targetHints":{"allow":["GET"]}}],"collection":[{"href":"https:\/\/imprimeideas.es\/en\/wp-json\/wp\/v2\/product"}],"about":[{"href":"https:\/\/imprimeideas.es\/en\/wp-json\/wp\/v2\/types\/product"}],"replies":[{"embeddable":true,"href":"https:\/\/imprimeideas.es\/en\/wp-json\/wp\/v2\/comments?post=62471"}],"version-history":[{"count":1,"href":"https:\/\/imprimeideas.es\/en\/wp-json\/wp\/v2\/product\/62471\/revisions"}],"predecessor-version":[{"id":62472,"href":"https:\/\/imprimeideas.es\/en\/wp-json\/wp\/v2\/product\/62471\/revisions\/62472"}],"wp:featuredmedia":[{"embeddable":true,"href":"https:\/\/imprimeideas.es\/en\/wp-json\/wp\/v2\/media\/27063"}],"wp:attachment":[{"href":"https:\/\/imprimeideas.es\/en\/wp-json\/wp\/v2\/media?parent=62471"}],"wp:term":[{"taxonomy":"product_brand","embeddable":true,"href":"https:\/\/imprimeideas.es\/en\/wp-json\/wp\/v2\/product_brand?post=62471"},{"taxonomy":"product_cat","embeddable":true,"href":"https:\/\/imprimeideas.es\/en\/wp-json\/wp\/v2\/product_cat?post=62471"},{"taxonomy":"product_tag","embeddable":true,"href":"https:\/\/imprimeideas.es\/en\/wp-json\/wp\/v2\/product_tag?post=62471"}],"curies":[{"name":"wp","href":"https:\/\/api.w.org\/{rel}","templated":true}]}}