{"id":62398,"date":"2026-02-24T17:19:54","date_gmt":"2026-02-24T16:19:54","guid":{"rendered":"https:\/\/imprimeideas.es\/producto\/pantalon-multibolsillo-4\/"},"modified":"2026-02-24T17:21:23","modified_gmt":"2026-02-24T16:21:23","slug":"pantalon-multibolsillo-4","status":"publish","type":"product","link":"https:\/\/imprimeideas.es\/en\/product\/pantalon-multibolsillo-4\/","title":{"rendered":"PANTALON MULTIBOLSILLO"},"content":{"rendered":"<p>Pantal\u00f3n combinado. Dos bolsos de ojal de abertura inclinada en los costados. Un bolso lateral interior con cierre de cremallera. Dos bolsos traseros interiores con cremallera en la culera. Rodilleras y culera a contraste. El\u00e1stico en cintura. Trabillas de distinto tama\u00f1o. Cierre de bot\u00f3n met\u00e1lico y bragueta de cremallera.<\/p>","protected":false},"excerpt":{"rendered":"<p>B1411 &#8211; PANTALON MULTIBOLSILLO<\/p>","protected":false},"featured_media":27051,"comment_status":"closed","ping_status":"open","template":"","meta":{"inline_featured_image":false},"product_brand":[],"product_cat":[2216],"product_tag":[],"class_list":{"0":"post-62398","1":"product","2":"type-product","3":"status-publish","4":"has-post-thumbnail","6":"product_cat-industriapantalon-industria","7":"pa_color-grisnegro","8":"pa_color-marinogris","9":"pa_color-negrogris","10":"pa_color-verde-kakinegro","12":"first","13":"instock","14":"purchasable","15":"product-type-variable"},"aioseo_notices":[],"_links":{"self":[{"href":"https:\/\/imprimeideas.es\/en\/wp-json\/wp\/v2\/product\/62398","targetHints":{"allow":["GET"]}}],"collection":[{"href":"https:\/\/imprimeideas.es\/en\/wp-json\/wp\/v2\/product"}],"about":[{"href":"https:\/\/imprimeideas.es\/en\/wp-json\/wp\/v2\/types\/product"}],"replies":[{"embeddable":true,"href":"https:\/\/imprimeideas.es\/en\/wp-json\/wp\/v2\/comments?post=62398"}],"version-history":[{"count":1,"href":"https:\/\/imprimeideas.es\/en\/wp-json\/wp\/v2\/product\/62398\/revisions"}],"predecessor-version":[{"id":62399,"href":"https:\/\/imprimeideas.es\/en\/wp-json\/wp\/v2\/product\/62398\/revisions\/62399"}],"wp:featuredmedia":[{"embeddable":true,"href":"https:\/\/imprimeideas.es\/en\/wp-json\/wp\/v2\/media\/27051"}],"wp:attachment":[{"href":"https:\/\/imprimeideas.es\/en\/wp-json\/wp\/v2\/media?parent=62398"}],"wp:term":[{"taxonomy":"product_brand","embeddable":true,"href":"https:\/\/imprimeideas.es\/en\/wp-json\/wp\/v2\/product_brand?post=62398"},{"taxonomy":"product_cat","embeddable":true,"href":"https:\/\/imprimeideas.es\/en\/wp-json\/wp\/v2\/product_cat?post=62398"},{"taxonomy":"product_tag","embeddable":true,"href":"https:\/\/imprimeideas.es\/en\/wp-json\/wp\/v2\/product_tag?post=62398"}],"curies":[{"name":"wp","href":"https:\/\/api.w.org\/{rel}","templated":true}]}}