{"id":62379,"date":"2026-02-24T17:18:48","date_gmt":"2026-02-24T16:18:48","guid":{"rendered":"https:\/\/imprimeideas.es\/producto\/pantalon-para-el-frio-2\/"},"modified":"2026-02-24T17:19:55","modified_gmt":"2026-02-24T16:19:55","slug":"pantalon-para-el-frio-2","status":"publish","type":"product","link":"https:\/\/imprimeideas.es\/en\/product\/pantalon-para-el-frio-2\/","title":{"rendered":"PANTALON PARA EL FRIO"},"content":{"rendered":"<p>Pantal\u00f3n para el fr\u00edo con forro acolchado. Dos bolsos de abertura inclinada en los costados, un bolso lateral de carga con cartera de pico y velcro. Dos bolsos traseros de ojal con cierre de presilla y bot\u00f3n. El\u00e1stico en los laterales de la cintura. Trabillas. Argolla met\u00e1lica. Cierre de bot\u00f3n y bragueta de cremallera.<\/p>","protected":false},"excerpt":{"rendered":"<p>B1410 &#8211; PANTALON PARA EL FRIO<\/p>","protected":false},"featured_media":27038,"comment_status":"closed","ping_status":"open","template":"","meta":{"inline_featured_image":false},"product_brand":[],"product_cat":[2213],"product_tag":[],"class_list":{"0":"post-62379","1":"product","2":"type-product","3":"status-publish","4":"has-post-thumbnail","6":"product_cat-industriapantalon-industriatallas-especialespantalon-te","7":"pa_color-blanco","8":"pa_color-marino","10":"first","11":"instock","12":"purchasable","13":"product-type-variable"},"aioseo_notices":[],"_links":{"self":[{"href":"https:\/\/imprimeideas.es\/en\/wp-json\/wp\/v2\/product\/62379","targetHints":{"allow":["GET"]}}],"collection":[{"href":"https:\/\/imprimeideas.es\/en\/wp-json\/wp\/v2\/product"}],"about":[{"href":"https:\/\/imprimeideas.es\/en\/wp-json\/wp\/v2\/types\/product"}],"replies":[{"embeddable":true,"href":"https:\/\/imprimeideas.es\/en\/wp-json\/wp\/v2\/comments?post=62379"}],"version-history":[{"count":1,"href":"https:\/\/imprimeideas.es\/en\/wp-json\/wp\/v2\/product\/62379\/revisions"}],"predecessor-version":[{"id":62380,"href":"https:\/\/imprimeideas.es\/en\/wp-json\/wp\/v2\/product\/62379\/revisions\/62380"}],"wp:featuredmedia":[{"embeddable":true,"href":"https:\/\/imprimeideas.es\/en\/wp-json\/wp\/v2\/media\/27038"}],"wp:attachment":[{"href":"https:\/\/imprimeideas.es\/en\/wp-json\/wp\/v2\/media?parent=62379"}],"wp:term":[{"taxonomy":"product_brand","embeddable":true,"href":"https:\/\/imprimeideas.es\/en\/wp-json\/wp\/v2\/product_brand?post=62379"},{"taxonomy":"product_cat","embeddable":true,"href":"https:\/\/imprimeideas.es\/en\/wp-json\/wp\/v2\/product_cat?post=62379"},{"taxonomy":"product_tag","embeddable":true,"href":"https:\/\/imprimeideas.es\/en\/wp-json\/wp\/v2\/product_tag?post=62379"}],"curies":[{"name":"wp","href":"https:\/\/api.w.org\/{rel}","templated":true}]}}