{"id":62220,"date":"2026-02-24T17:11:47","date_gmt":"2026-02-24T16:11:47","guid":{"rendered":"https:\/\/imprimeideas.es\/producto\/bermuda-multibolsillo\/"},"modified":"2026-02-24T17:13:01","modified_gmt":"2026-02-24T16:13:01","slug":"bermuda-multibolsillo","status":"publish","type":"product","link":"https:\/\/imprimeideas.es\/en\/product\/bermuda-multibolsillo\/","title":{"rendered":"BERMUDA MULTIBOLSILLO"},"content":{"rendered":"<p>Bermuda con dos bolsos de abertura inclinada en los costados y dos bolsos laterales de carga con cartera de velcro. Un bolso trasero de ojal con cierre de presilla y bot\u00f3n. El\u00e1stico en la cintura. Trabillas. Cierre de bot\u00f3n y bragueta de cremallera.<\/p>","protected":false},"excerpt":{"rendered":"<p>B1405 &#8211; BERMUDA MULTIBOLSILLO<\/p>","protected":false},"featured_media":26987,"comment_status":"closed","ping_status":"open","template":"","meta":{"inline_featured_image":false},"product_brand":[],"product_cat":[2214],"product_tag":[],"class_list":{"0":"post-62220","1":"product","2":"type-product","3":"status-publish","4":"has-post-thumbnail","6":"product_cat-industriabermuda-industriatallas-especialesbermuda-te","7":"pa_color-gris","8":"pa_color-marino","10":"first","11":"instock","12":"purchasable","13":"product-type-variable"},"aioseo_notices":[],"_links":{"self":[{"href":"https:\/\/imprimeideas.es\/en\/wp-json\/wp\/v2\/product\/62220","targetHints":{"allow":["GET"]}}],"collection":[{"href":"https:\/\/imprimeideas.es\/en\/wp-json\/wp\/v2\/product"}],"about":[{"href":"https:\/\/imprimeideas.es\/en\/wp-json\/wp\/v2\/types\/product"}],"replies":[{"embeddable":true,"href":"https:\/\/imprimeideas.es\/en\/wp-json\/wp\/v2\/comments?post=62220"}],"version-history":[{"count":1,"href":"https:\/\/imprimeideas.es\/en\/wp-json\/wp\/v2\/product\/62220\/revisions"}],"predecessor-version":[{"id":62221,"href":"https:\/\/imprimeideas.es\/en\/wp-json\/wp\/v2\/product\/62220\/revisions\/62221"}],"wp:featuredmedia":[{"embeddable":true,"href":"https:\/\/imprimeideas.es\/en\/wp-json\/wp\/v2\/media\/26987"}],"wp:attachment":[{"href":"https:\/\/imprimeideas.es\/en\/wp-json\/wp\/v2\/media?parent=62220"}],"wp:term":[{"taxonomy":"product_brand","embeddable":true,"href":"https:\/\/imprimeideas.es\/en\/wp-json\/wp\/v2\/product_brand?post=62220"},{"taxonomy":"product_cat","embeddable":true,"href":"https:\/\/imprimeideas.es\/en\/wp-json\/wp\/v2\/product_cat?post=62220"},{"taxonomy":"product_tag","embeddable":true,"href":"https:\/\/imprimeideas.es\/en\/wp-json\/wp\/v2\/product_tag?post=62220"}],"curies":[{"name":"wp","href":"https:\/\/api.w.org\/{rel}","templated":true}]}}