{"id":61959,"date":"2026-02-24T17:01:22","date_gmt":"2026-02-24T16:01:22","guid":{"rendered":"https:\/\/imprimeideas.es\/producto\/pantalon-multibolsillo-2\/"},"modified":"2026-02-24T17:11:47","modified_gmt":"2026-02-24T16:11:47","slug":"pantalon-multibolsillo-2","status":"publish","type":"product","link":"https:\/\/imprimeideas.es\/en\/product\/pantalon-multibolsillo-2\/","title":{"rendered":"PANTALON MULTIBOLSILLO"},"content":{"rendered":"<p>Pantal\u00f3n recto con dos bolsos de abertura inclinada en los costados, dos bolsos laterales de carga con cartera de velcro. Un bolso trasero de ojal con cierre de presilla y bot\u00f3n. El\u00e1stico en la cintura. Trabillas. Cierre de bot\u00f3n y bragueta de cremallera.<\/p>","protected":false},"excerpt":{"rendered":"<p>B1403 &#8211; PANTALON MULTIBOLSILLO<\/p>","protected":false},"featured_media":26958,"comment_status":"closed","ping_status":"open","template":"","meta":{"inline_featured_image":false},"product_brand":[],"product_cat":[2213],"product_tag":[],"class_list":{"0":"post-61959","1":"product","2":"type-product","3":"status-publish","4":"has-post-thumbnail","6":"product_cat-industriapantalon-industriatallas-especialespantalon-te","7":"pa_color-amarillo","8":"pa_color-azafata","9":"pa_color-azulina","10":"pa_color-beige","11":"pa_color-blanco","12":"pa_color-granate","13":"pa_color-gris","14":"pa_color-marino","15":"pa_color-naranja","16":"pa_color-negro","17":"pa_color-rojo","18":"pa_color-verde","19":"pa_color-verde-pistacho","21":"first","22":"instock","23":"purchasable","24":"product-type-variable"},"aioseo_notices":[],"_links":{"self":[{"href":"https:\/\/imprimeideas.es\/en\/wp-json\/wp\/v2\/product\/61959","targetHints":{"allow":["GET"]}}],"collection":[{"href":"https:\/\/imprimeideas.es\/en\/wp-json\/wp\/v2\/product"}],"about":[{"href":"https:\/\/imprimeideas.es\/en\/wp-json\/wp\/v2\/types\/product"}],"replies":[{"embeddable":true,"href":"https:\/\/imprimeideas.es\/en\/wp-json\/wp\/v2\/comments?post=61959"}],"version-history":[{"count":1,"href":"https:\/\/imprimeideas.es\/en\/wp-json\/wp\/v2\/product\/61959\/revisions"}],"predecessor-version":[{"id":61960,"href":"https:\/\/imprimeideas.es\/en\/wp-json\/wp\/v2\/product\/61959\/revisions\/61960"}],"wp:featuredmedia":[{"embeddable":true,"href":"https:\/\/imprimeideas.es\/en\/wp-json\/wp\/v2\/media\/26958"}],"wp:attachment":[{"href":"https:\/\/imprimeideas.es\/en\/wp-json\/wp\/v2\/media?parent=61959"}],"wp:term":[{"taxonomy":"product_brand","embeddable":true,"href":"https:\/\/imprimeideas.es\/en\/wp-json\/wp\/v2\/product_brand?post=61959"},{"taxonomy":"product_cat","embeddable":true,"href":"https:\/\/imprimeideas.es\/en\/wp-json\/wp\/v2\/product_cat?post=61959"},{"taxonomy":"product_tag","embeddable":true,"href":"https:\/\/imprimeideas.es\/en\/wp-json\/wp\/v2\/product_tag?post=61959"}],"curies":[{"name":"wp","href":"https:\/\/api.w.org\/{rel}","templated":true}]}}