{"id":61733,"date":"2026-02-24T16:53:27","date_gmt":"2026-02-24T15:53:27","guid":{"rendered":"https:\/\/imprimeideas.es\/producto\/pantalon-multibolsillo\/"},"modified":"2026-02-24T17:01:23","modified_gmt":"2026-02-24T16:01:23","slug":"pantalon-multibolsillo","status":"publish","type":"product","link":"https:\/\/imprimeideas.es\/en\/product\/pantalon-multibolsillo\/","title":{"rendered":"PANTALON MULTIBOLSILLO"},"content":{"rendered":"<p>Pantal\u00f3n recto con dos bolsos de abertura inclinada en los costados. Un bolso trasero de ojal con cierre de presilla y bot\u00f3n, un bolso de esp\u00e1tula. El\u00e1stico en la cintura. Trabillas. Cierre de bot\u00f3n y bragueta de cremallera.<\/p>","protected":false},"excerpt":{"rendered":"<p>B1402 &#8211; PANTALON MULTIBOLSILLO<\/p>","protected":false},"featured_media":26931,"comment_status":"closed","ping_status":"open","template":"","meta":{"inline_featured_image":false},"product_brand":[],"product_cat":[2213],"product_tag":[],"class_list":{"0":"post-61733","1":"product","2":"type-product","3":"status-publish","4":"has-post-thumbnail","6":"product_cat-industriapantalon-industriatallas-especialespantalon-te","7":"pa_color-amarillo","8":"pa_color-azafata","9":"pa_color-azulina","10":"pa_color-beige","11":"pa_color-blanco","12":"pa_color-gris","13":"pa_color-marino","14":"pa_color-negro","15":"pa_color-rojo","16":"pa_color-verde","18":"first","19":"instock","20":"purchasable","21":"product-type-variable"},"aioseo_notices":[],"_links":{"self":[{"href":"https:\/\/imprimeideas.es\/en\/wp-json\/wp\/v2\/product\/61733","targetHints":{"allow":["GET"]}}],"collection":[{"href":"https:\/\/imprimeideas.es\/en\/wp-json\/wp\/v2\/product"}],"about":[{"href":"https:\/\/imprimeideas.es\/en\/wp-json\/wp\/v2\/types\/product"}],"replies":[{"embeddable":true,"href":"https:\/\/imprimeideas.es\/en\/wp-json\/wp\/v2\/comments?post=61733"}],"version-history":[{"count":1,"href":"https:\/\/imprimeideas.es\/en\/wp-json\/wp\/v2\/product\/61733\/revisions"}],"predecessor-version":[{"id":61734,"href":"https:\/\/imprimeideas.es\/en\/wp-json\/wp\/v2\/product\/61733\/revisions\/61734"}],"wp:featuredmedia":[{"embeddable":true,"href":"https:\/\/imprimeideas.es\/en\/wp-json\/wp\/v2\/media\/26931"}],"wp:attachment":[{"href":"https:\/\/imprimeideas.es\/en\/wp-json\/wp\/v2\/media?parent=61733"}],"wp:term":[{"taxonomy":"product_brand","embeddable":true,"href":"https:\/\/imprimeideas.es\/en\/wp-json\/wp\/v2\/product_brand?post=61733"},{"taxonomy":"product_cat","embeddable":true,"href":"https:\/\/imprimeideas.es\/en\/wp-json\/wp\/v2\/product_cat?post=61733"},{"taxonomy":"product_tag","embeddable":true,"href":"https:\/\/imprimeideas.es\/en\/wp-json\/wp\/v2\/product_tag?post=61733"}],"curies":[{"name":"wp","href":"https:\/\/api.w.org\/{rel}","templated":true}]}}