{"id":61609,"date":"2026-02-24T16:49:08","date_gmt":"2026-02-24T15:49:08","guid":{"rendered":"https:\/\/imprimeideas.es\/producto\/cazadora-para-el-frio\/"},"modified":"2026-02-24T16:49:40","modified_gmt":"2026-02-24T15:49:40","slug":"cazadora-para-el-frio","status":"publish","type":"product","link":"https:\/\/imprimeideas.es\/en\/product\/cazadora-para-el-frio\/","title":{"rendered":"CAZADORA PARA EL FRIO"},"content":{"rendered":"<p>Cazadora para el fr\u00edo con forro acolchado. Cuello camisero. Cierre de cremallera de nylon oculta por solapa postiza con velcro. Un bolso de pecho y dos bolsos laterales de ojal. Un bolso de pecho de plast\u00f3n con cierre de velcro en el interior. Pu\u00f1o con el\u00e1stico. El\u00e1stico en los laterales de la cintura.<\/p>","protected":false},"excerpt":{"rendered":"<p>B1110 &#8211; CAZADORA PARA EL FRIO<\/p>","protected":false},"featured_media":26885,"comment_status":"closed","ping_status":"open","template":"","meta":{"inline_featured_image":false},"product_brand":[],"product_cat":[2212],"product_tag":[],"class_list":{"0":"post-61609","1":"product","2":"type-product","3":"status-publish","4":"has-post-thumbnail","6":"product_cat-industriacazadora-industriatallas-especialescazadora-te","7":"pa_color-blanco","8":"pa_color-marino","10":"first","11":"instock","12":"purchasable","13":"product-type-variable"},"aioseo_notices":[],"_links":{"self":[{"href":"https:\/\/imprimeideas.es\/en\/wp-json\/wp\/v2\/product\/61609","targetHints":{"allow":["GET"]}}],"collection":[{"href":"https:\/\/imprimeideas.es\/en\/wp-json\/wp\/v2\/product"}],"about":[{"href":"https:\/\/imprimeideas.es\/en\/wp-json\/wp\/v2\/types\/product"}],"replies":[{"embeddable":true,"href":"https:\/\/imprimeideas.es\/en\/wp-json\/wp\/v2\/comments?post=61609"}],"version-history":[{"count":1,"href":"https:\/\/imprimeideas.es\/en\/wp-json\/wp\/v2\/product\/61609\/revisions"}],"predecessor-version":[{"id":61610,"href":"https:\/\/imprimeideas.es\/en\/wp-json\/wp\/v2\/product\/61609\/revisions\/61610"}],"wp:featuredmedia":[{"embeddable":true,"href":"https:\/\/imprimeideas.es\/en\/wp-json\/wp\/v2\/media\/26885"}],"wp:attachment":[{"href":"https:\/\/imprimeideas.es\/en\/wp-json\/wp\/v2\/media?parent=61609"}],"wp:term":[{"taxonomy":"product_brand","embeddable":true,"href":"https:\/\/imprimeideas.es\/en\/wp-json\/wp\/v2\/product_brand?post=61609"},{"taxonomy":"product_cat","embeddable":true,"href":"https:\/\/imprimeideas.es\/en\/wp-json\/wp\/v2\/product_cat?post=61609"},{"taxonomy":"product_tag","embeddable":true,"href":"https:\/\/imprimeideas.es\/en\/wp-json\/wp\/v2\/product_tag?post=61609"}],"curies":[{"name":"wp","href":"https:\/\/api.w.org\/{rel}","templated":true}]}}