{"id":61423,"date":"2026-02-24T16:40:55","date_gmt":"2026-02-24T15:40:55","guid":{"rendered":"https:\/\/imprimeideas.es\/producto\/camiseta-tecnica-de-manga-corta\/"},"modified":"2026-02-24T16:41:38","modified_gmt":"2026-02-24T15:41:38","slug":"camiseta-tecnica-de-manga-corta","status":"publish","type":"product","link":"https:\/\/imprimeideas.es\/en\/product\/camiseta-tecnica-de-manga-corta\/","title":{"rendered":"CAMISETA TECNICA DE MANGA CORTA"},"content":{"rendered":"<p>Camiseta de manga corta en tejido t\u00e9cnico. Cuello redondo con cubrecosturas interior y manga rangl\u00e1n. Vivos de alta visibilidad. Deportiva, ligera y de secado r\u00e1pido.<\/p>","protected":false},"excerpt":{"rendered":"<p>S6640 &#8211; CAMISETA TECNICA DE MANGA CORTA<\/p>","protected":false},"featured_media":26839,"comment_status":"closed","ping_status":"open","template":"","meta":{"inline_featured_image":false},"product_brand":[],"product_cat":[2211],"product_tag":[],"class_list":{"0":"post-61423","1":"product","2":"type-product","3":"status-publish","4":"has-post-thumbnail","6":"product_cat-hosteleriacocinacamiseta-cocina","7":"pa_color-blanconaranja-a-v","8":"pa_color-negroamarillo-a-v","10":"first","11":"instock","12":"purchasable","13":"product-type-variable"},"aioseo_notices":[],"_links":{"self":[{"href":"https:\/\/imprimeideas.es\/en\/wp-json\/wp\/v2\/product\/61423","targetHints":{"allow":["GET"]}}],"collection":[{"href":"https:\/\/imprimeideas.es\/en\/wp-json\/wp\/v2\/product"}],"about":[{"href":"https:\/\/imprimeideas.es\/en\/wp-json\/wp\/v2\/types\/product"}],"replies":[{"embeddable":true,"href":"https:\/\/imprimeideas.es\/en\/wp-json\/wp\/v2\/comments?post=61423"}],"version-history":[{"count":1,"href":"https:\/\/imprimeideas.es\/en\/wp-json\/wp\/v2\/product\/61423\/revisions"}],"predecessor-version":[{"id":61424,"href":"https:\/\/imprimeideas.es\/en\/wp-json\/wp\/v2\/product\/61423\/revisions\/61424"}],"wp:featuredmedia":[{"embeddable":true,"href":"https:\/\/imprimeideas.es\/en\/wp-json\/wp\/v2\/media\/26839"}],"wp:attachment":[{"href":"https:\/\/imprimeideas.es\/en\/wp-json\/wp\/v2\/media?parent=61423"}],"wp:term":[{"taxonomy":"product_brand","embeddable":true,"href":"https:\/\/imprimeideas.es\/en\/wp-json\/wp\/v2\/product_brand?post=61423"},{"taxonomy":"product_cat","embeddable":true,"href":"https:\/\/imprimeideas.es\/en\/wp-json\/wp\/v2\/product_cat?post=61423"},{"taxonomy":"product_tag","embeddable":true,"href":"https:\/\/imprimeideas.es\/en\/wp-json\/wp\/v2\/product_tag?post=61423"}],"curies":[{"name":"wp","href":"https:\/\/api.w.org\/{rel}","templated":true}]}}