{"id":61261,"date":"2026-02-24T16:38:21","date_gmt":"2026-02-24T15:38:21","guid":{"rendered":"https:\/\/imprimeideas.es\/producto\/delantal-frances-antimanchas-3\/"},"modified":"2026-02-24T16:38:35","modified_gmt":"2026-02-24T15:38:35","slug":"delantal-frances-antimanchas-3","status":"publish","type":"product","link":"https:\/\/imprimeideas.es\/en\/product\/delantal-frances-antimanchas-3\/","title":{"rendered":"DELANTAL FRANCES (ANTIMANCHAS)"},"content":{"rendered":"<p>Delantal franc\u00e9s en tejido canvas estampado combinado. Un gran bolso central de plast\u00f3n combinado y compartimentado, con trabilla. Cintas para ajustar en la cintura. Dise\u00f1o contempor\u00e1neo con remaches de cobre.<\/p>","protected":false},"excerpt":{"rendered":"<p>M759 &#8211; DELANTAL FRANCES (ANTIMANCHAS)<\/p>","protected":false},"featured_media":26720,"comment_status":"closed","ping_status":"open","template":"","meta":{"inline_featured_image":false},"product_brand":[],"product_cat":[2202],"product_tag":[],"class_list":{"0":"post-61261","1":"product","2":"type-product","3":"status-publish","4":"has-post-thumbnail","6":"product_cat-hosteleriacocinadelantal-cocina","7":"pa_color-mostazaestampado-hojas-tropicales","8":"pa_color-turquesaestampado-hojas-tropicales","9":"pa_color-verde-oscuroestampado-hojas-tropicales","11":"first","12":"instock","13":"purchasable","14":"product-type-variable"},"aioseo_notices":[],"_links":{"self":[{"href":"https:\/\/imprimeideas.es\/en\/wp-json\/wp\/v2\/product\/61261","targetHints":{"allow":["GET"]}}],"collection":[{"href":"https:\/\/imprimeideas.es\/en\/wp-json\/wp\/v2\/product"}],"about":[{"href":"https:\/\/imprimeideas.es\/en\/wp-json\/wp\/v2\/types\/product"}],"replies":[{"embeddable":true,"href":"https:\/\/imprimeideas.es\/en\/wp-json\/wp\/v2\/comments?post=61261"}],"version-history":[{"count":1,"href":"https:\/\/imprimeideas.es\/en\/wp-json\/wp\/v2\/product\/61261\/revisions"}],"predecessor-version":[{"id":61262,"href":"https:\/\/imprimeideas.es\/en\/wp-json\/wp\/v2\/product\/61261\/revisions\/61262"}],"wp:featuredmedia":[{"embeddable":true,"href":"https:\/\/imprimeideas.es\/en\/wp-json\/wp\/v2\/media\/26720"}],"wp:attachment":[{"href":"https:\/\/imprimeideas.es\/en\/wp-json\/wp\/v2\/media?parent=61261"}],"wp:term":[{"taxonomy":"product_brand","embeddable":true,"href":"https:\/\/imprimeideas.es\/en\/wp-json\/wp\/v2\/product_brand?post=61261"},{"taxonomy":"product_cat","embeddable":true,"href":"https:\/\/imprimeideas.es\/en\/wp-json\/wp\/v2\/product_cat?post=61261"},{"taxonomy":"product_tag","embeddable":true,"href":"https:\/\/imprimeideas.es\/en\/wp-json\/wp\/v2\/product_tag?post=61261"}],"curies":[{"name":"wp","href":"https:\/\/api.w.org\/{rel}","templated":true}]}}