{"id":61243,"date":"2026-02-24T16:37:38","date_gmt":"2026-02-24T15:37:38","guid":{"rendered":"https:\/\/imprimeideas.es\/producto\/delantal-con-peto-antimanchas-5\/"},"modified":"2026-02-24T16:37:53","modified_gmt":"2026-02-24T15:37:53","slug":"delantal-con-peto-antimanchas-5","status":"publish","type":"product","link":"https:\/\/imprimeideas.es\/en\/product\/delantal-con-peto-antimanchas-5\/","title":{"rendered":"DELANTAL CON PETO (ANTIMANCHAS)"},"content":{"rendered":"<p>Delantal con peto en tejido canvas estampado combinado. Un bolso de plast\u00f3n en pecho. Un gran bolso central de plast\u00f3n  compartimentado y trabilla. Cintas sujetas mediante hebilla met\u00e1lica y cruzadas en la espalda para ajustar en la cintura. Dise\u00f1o contempor\u00e1neo con remaches de cobre.<\/p>","protected":false},"excerpt":{"rendered":"<p>M756 &#8211; DELANTAL CON PETO (ANTIMANCHAS)<\/p>","protected":false},"featured_media":26702,"comment_status":"closed","ping_status":"open","template":"","meta":{"inline_featured_image":false},"product_brand":[],"product_cat":[2202],"product_tag":[],"class_list":{"0":"post-61243","1":"product","2":"type-product","3":"status-publish","4":"has-post-thumbnail","6":"product_cat-hosteleriacocinadelantal-cocina","7":"pa_color-estampado-hojas-tropicalesmostaza","8":"pa_color-estampado-hojas-tropicalesturquesa","9":"pa_color-estampado-hojas-tropicalesverde-oscuro","11":"first","12":"instock","13":"purchasable","14":"product-type-variable"},"aioseo_notices":[],"_links":{"self":[{"href":"https:\/\/imprimeideas.es\/en\/wp-json\/wp\/v2\/product\/61243","targetHints":{"allow":["GET"]}}],"collection":[{"href":"https:\/\/imprimeideas.es\/en\/wp-json\/wp\/v2\/product"}],"about":[{"href":"https:\/\/imprimeideas.es\/en\/wp-json\/wp\/v2\/types\/product"}],"replies":[{"embeddable":true,"href":"https:\/\/imprimeideas.es\/en\/wp-json\/wp\/v2\/comments?post=61243"}],"version-history":[{"count":1,"href":"https:\/\/imprimeideas.es\/en\/wp-json\/wp\/v2\/product\/61243\/revisions"}],"predecessor-version":[{"id":61244,"href":"https:\/\/imprimeideas.es\/en\/wp-json\/wp\/v2\/product\/61243\/revisions\/61244"}],"wp:featuredmedia":[{"embeddable":true,"href":"https:\/\/imprimeideas.es\/en\/wp-json\/wp\/v2\/media\/26702"}],"wp:attachment":[{"href":"https:\/\/imprimeideas.es\/en\/wp-json\/wp\/v2\/media?parent=61243"}],"wp:term":[{"taxonomy":"product_brand","embeddable":true,"href":"https:\/\/imprimeideas.es\/en\/wp-json\/wp\/v2\/product_brand?post=61243"},{"taxonomy":"product_cat","embeddable":true,"href":"https:\/\/imprimeideas.es\/en\/wp-json\/wp\/v2\/product_cat?post=61243"},{"taxonomy":"product_tag","embeddable":true,"href":"https:\/\/imprimeideas.es\/en\/wp-json\/wp\/v2\/product_tag?post=61243"}],"curies":[{"name":"wp","href":"https:\/\/api.w.org\/{rel}","templated":true}]}}