{"id":61238,"date":"2026-02-24T16:37:28","date_gmt":"2026-02-24T15:37:28","guid":{"rendered":"https:\/\/imprimeideas.es\/producto\/delantal-frances-antimanchas\/"},"modified":"2026-02-24T16:37:38","modified_gmt":"2026-02-24T15:37:38","slug":"delantal-frances-antimanchas","status":"publish","type":"product","link":"https:\/\/imprimeideas.es\/en\/product\/delantal-frances-antimanchas\/","title":{"rendered":"DELANTAL FRANCES (ANTIMANCHAS)"},"content":{"rendered":"<p>Delantal franc\u00e9s en tejido canvas combinado. Un bolso lateral de plast\u00f3n combinado y otro superpuesto. Cintas para ajustar en la cintura. Dise\u00f1o contempor\u00e1neo con remaches de cobre.<\/p>","protected":false},"excerpt":{"rendered":"<p>M755 &#8211; DELANTAL FRANCES (ANTIMANCHAS)<\/p>","protected":false},"featured_media":26696,"comment_status":"closed","ping_status":"open","template":"","meta":{"inline_featured_image":false},"product_brand":[],"product_cat":[2202],"product_tag":[],"class_list":{"0":"post-61238","1":"product","2":"type-product","3":"status-publish","4":"has-post-thumbnail","6":"product_cat-hosteleriacocinadelantal-cocina","7":"pa_color-granaterosa-claro","8":"pa_color-verde-aguaverde-agua-claro","10":"first","11":"instock","12":"purchasable","13":"product-type-variable"},"aioseo_notices":[],"_links":{"self":[{"href":"https:\/\/imprimeideas.es\/en\/wp-json\/wp\/v2\/product\/61238","targetHints":{"allow":["GET"]}}],"collection":[{"href":"https:\/\/imprimeideas.es\/en\/wp-json\/wp\/v2\/product"}],"about":[{"href":"https:\/\/imprimeideas.es\/en\/wp-json\/wp\/v2\/types\/product"}],"replies":[{"embeddable":true,"href":"https:\/\/imprimeideas.es\/en\/wp-json\/wp\/v2\/comments?post=61238"}],"version-history":[{"count":1,"href":"https:\/\/imprimeideas.es\/en\/wp-json\/wp\/v2\/product\/61238\/revisions"}],"predecessor-version":[{"id":61239,"href":"https:\/\/imprimeideas.es\/en\/wp-json\/wp\/v2\/product\/61238\/revisions\/61239"}],"wp:featuredmedia":[{"embeddable":true,"href":"https:\/\/imprimeideas.es\/en\/wp-json\/wp\/v2\/media\/26696"}],"wp:attachment":[{"href":"https:\/\/imprimeideas.es\/en\/wp-json\/wp\/v2\/media?parent=61238"}],"wp:term":[{"taxonomy":"product_brand","embeddable":true,"href":"https:\/\/imprimeideas.es\/en\/wp-json\/wp\/v2\/product_brand?post=61238"},{"taxonomy":"product_cat","embeddable":true,"href":"https:\/\/imprimeideas.es\/en\/wp-json\/wp\/v2\/product_cat?post=61238"},{"taxonomy":"product_tag","embeddable":true,"href":"https:\/\/imprimeideas.es\/en\/wp-json\/wp\/v2\/product_tag?post=61238"}],"curies":[{"name":"wp","href":"https:\/\/api.w.org\/{rel}","templated":true}]}}