{"id":61233,"date":"2026-02-24T16:37:18","date_gmt":"2026-02-24T15:37:18","guid":{"rendered":"https:\/\/imprimeideas.es\/producto\/delantal-con-peto-antimanchas-4\/"},"modified":"2026-02-24T16:37:28","modified_gmt":"2026-02-24T15:37:28","slug":"delantal-con-peto-antimanchas-4","status":"publish","type":"product","link":"https:\/\/imprimeideas.es\/en\/product\/delantal-con-peto-antimanchas-4\/","title":{"rendered":"DELANTAL CON PETO (ANTIMANCHAS)"},"content":{"rendered":"<p>Delantal con peto en tejido canvas combinado. Un bolso de plast\u00f3n combinado en pecho. Un bolso lateral de plast\u00f3n combinado. Cintas cruzadas en la espalda para ajustar en la cintura. Dise\u00f1o contempor\u00e1neo con remaches de cobre.<\/p>","protected":false},"excerpt":{"rendered":"<p>M754 &#8211; DELANTAL CON PETO (ANTIMANCHAS)<\/p>","protected":false},"featured_media":26690,"comment_status":"closed","ping_status":"open","template":"","meta":{"inline_featured_image":false},"product_brand":[],"product_cat":[2202],"product_tag":[],"class_list":{"0":"post-61233","1":"product","2":"type-product","3":"status-publish","4":"has-post-thumbnail","6":"product_cat-hosteleriacocinadelantal-cocina","7":"pa_color-granaterosa-claro","8":"pa_color-verde-aguaverde-agua-claro","10":"first","11":"instock","12":"purchasable","13":"product-type-variable"},"aioseo_notices":[],"_links":{"self":[{"href":"https:\/\/imprimeideas.es\/en\/wp-json\/wp\/v2\/product\/61233","targetHints":{"allow":["GET"]}}],"collection":[{"href":"https:\/\/imprimeideas.es\/en\/wp-json\/wp\/v2\/product"}],"about":[{"href":"https:\/\/imprimeideas.es\/en\/wp-json\/wp\/v2\/types\/product"}],"replies":[{"embeddable":true,"href":"https:\/\/imprimeideas.es\/en\/wp-json\/wp\/v2\/comments?post=61233"}],"version-history":[{"count":1,"href":"https:\/\/imprimeideas.es\/en\/wp-json\/wp\/v2\/product\/61233\/revisions"}],"predecessor-version":[{"id":61234,"href":"https:\/\/imprimeideas.es\/en\/wp-json\/wp\/v2\/product\/61233\/revisions\/61234"}],"wp:featuredmedia":[{"embeddable":true,"href":"https:\/\/imprimeideas.es\/en\/wp-json\/wp\/v2\/media\/26690"}],"wp:attachment":[{"href":"https:\/\/imprimeideas.es\/en\/wp-json\/wp\/v2\/media?parent=61233"}],"wp:term":[{"taxonomy":"product_brand","embeddable":true,"href":"https:\/\/imprimeideas.es\/en\/wp-json\/wp\/v2\/product_brand?post=61233"},{"taxonomy":"product_cat","embeddable":true,"href":"https:\/\/imprimeideas.es\/en\/wp-json\/wp\/v2\/product_cat?post=61233"},{"taxonomy":"product_tag","embeddable":true,"href":"https:\/\/imprimeideas.es\/en\/wp-json\/wp\/v2\/product_tag?post=61233"}],"curies":[{"name":"wp","href":"https:\/\/api.w.org\/{rel}","templated":true}]}}