{"id":61228,"date":"2026-02-24T16:37:09","date_gmt":"2026-02-24T15:37:09","guid":{"rendered":"https:\/\/imprimeideas.es\/producto\/delantal-frances-largo-antimanchas-2\/"},"modified":"2026-02-24T16:37:19","modified_gmt":"2026-02-24T15:37:19","slug":"delantal-frances-largo-antimanchas-2","status":"publish","type":"product","link":"https:\/\/imprimeideas.es\/en\/product\/delantal-frances-largo-antimanchas-2\/","title":{"rendered":"DELANTAL FRANCES LARGO (ANTIMANCHAS)"},"content":{"rendered":"<p>Delantal franc\u00e9s largo en tejido canvas combinado. Un bolso central de plast\u00f3n compartimentado. Cintas para ajustar en la cintura. Dise\u00f1o contempor\u00e1neo con remaches de cobre.<\/p>","protected":false},"excerpt":{"rendered":"<p>M753 &#8211; DELANTAL FRANCES LARGO (ANTIMANCHAS)<\/p>","protected":false},"featured_media":26684,"comment_status":"closed","ping_status":"open","template":"","meta":{"inline_featured_image":false},"product_brand":[],"product_cat":[2202],"product_tag":[],"class_list":{"0":"post-61228","1":"product","2":"type-product","3":"status-publish","4":"has-post-thumbnail","6":"product_cat-hosteleriacocinadelantal-cocina","7":"pa_color-azulceleste","8":"pa_color-verde-olivagris-topo","10":"first","11":"instock","12":"purchasable","13":"product-type-variable"},"aioseo_notices":[],"_links":{"self":[{"href":"https:\/\/imprimeideas.es\/en\/wp-json\/wp\/v2\/product\/61228","targetHints":{"allow":["GET"]}}],"collection":[{"href":"https:\/\/imprimeideas.es\/en\/wp-json\/wp\/v2\/product"}],"about":[{"href":"https:\/\/imprimeideas.es\/en\/wp-json\/wp\/v2\/types\/product"}],"replies":[{"embeddable":true,"href":"https:\/\/imprimeideas.es\/en\/wp-json\/wp\/v2\/comments?post=61228"}],"version-history":[{"count":1,"href":"https:\/\/imprimeideas.es\/en\/wp-json\/wp\/v2\/product\/61228\/revisions"}],"predecessor-version":[{"id":61229,"href":"https:\/\/imprimeideas.es\/en\/wp-json\/wp\/v2\/product\/61228\/revisions\/61229"}],"wp:featuredmedia":[{"embeddable":true,"href":"https:\/\/imprimeideas.es\/en\/wp-json\/wp\/v2\/media\/26684"}],"wp:attachment":[{"href":"https:\/\/imprimeideas.es\/en\/wp-json\/wp\/v2\/media?parent=61228"}],"wp:term":[{"taxonomy":"product_brand","embeddable":true,"href":"https:\/\/imprimeideas.es\/en\/wp-json\/wp\/v2\/product_brand?post=61228"},{"taxonomy":"product_cat","embeddable":true,"href":"https:\/\/imprimeideas.es\/en\/wp-json\/wp\/v2\/product_cat?post=61228"},{"taxonomy":"product_tag","embeddable":true,"href":"https:\/\/imprimeideas.es\/en\/wp-json\/wp\/v2\/product_tag?post=61228"}],"curies":[{"name":"wp","href":"https:\/\/api.w.org\/{rel}","templated":true}]}}