{"id":61218,"date":"2026-02-24T16:36:51","date_gmt":"2026-02-24T15:36:51","guid":{"rendered":"https:\/\/imprimeideas.es\/producto\/delantal-frances-largo-antimanchas\/"},"modified":"2026-02-24T16:37:00","modified_gmt":"2026-02-24T15:37:00","slug":"delantal-frances-largo-antimanchas","status":"publish","type":"product","link":"https:\/\/imprimeideas.es\/en\/product\/delantal-frances-largo-antimanchas\/","title":{"rendered":"DELANTAL FRANCES LARGO (ANTIMANCHAS)"},"content":{"rendered":"<p>Delantal franc\u00e9s largo en tejido canvas combinado. Un gran bolso central compartimentado. Cintas para ajustar en la cintura. Dise\u00f1o contempor\u00e1neo con remaches de cobre.<\/p>","protected":false},"excerpt":{"rendered":"<p>M751 &#8211; DELANTAL FRANCES LARGO (ANTIMANCHAS)<\/p>","protected":false},"featured_media":26672,"comment_status":"closed","ping_status":"open","template":"","meta":{"inline_featured_image":false},"product_brand":[],"product_cat":[2202],"product_tag":[],"class_list":{"0":"post-61218","1":"product","2":"type-product","3":"status-publish","4":"has-post-thumbnail","6":"product_cat-hosteleriacocinadelantal-cocina","7":"pa_color-beigemarron","8":"pa_color-gris-clarogris","10":"first","11":"instock","12":"purchasable","13":"product-type-variable"},"aioseo_notices":[],"_links":{"self":[{"href":"https:\/\/imprimeideas.es\/en\/wp-json\/wp\/v2\/product\/61218","targetHints":{"allow":["GET"]}}],"collection":[{"href":"https:\/\/imprimeideas.es\/en\/wp-json\/wp\/v2\/product"}],"about":[{"href":"https:\/\/imprimeideas.es\/en\/wp-json\/wp\/v2\/types\/product"}],"replies":[{"embeddable":true,"href":"https:\/\/imprimeideas.es\/en\/wp-json\/wp\/v2\/comments?post=61218"}],"version-history":[{"count":1,"href":"https:\/\/imprimeideas.es\/en\/wp-json\/wp\/v2\/product\/61218\/revisions"}],"predecessor-version":[{"id":61219,"href":"https:\/\/imprimeideas.es\/en\/wp-json\/wp\/v2\/product\/61218\/revisions\/61219"}],"wp:featuredmedia":[{"embeddable":true,"href":"https:\/\/imprimeideas.es\/en\/wp-json\/wp\/v2\/media\/26672"}],"wp:attachment":[{"href":"https:\/\/imprimeideas.es\/en\/wp-json\/wp\/v2\/media?parent=61218"}],"wp:term":[{"taxonomy":"product_brand","embeddable":true,"href":"https:\/\/imprimeideas.es\/en\/wp-json\/wp\/v2\/product_brand?post=61218"},{"taxonomy":"product_cat","embeddable":true,"href":"https:\/\/imprimeideas.es\/en\/wp-json\/wp\/v2\/product_cat?post=61218"},{"taxonomy":"product_tag","embeddable":true,"href":"https:\/\/imprimeideas.es\/en\/wp-json\/wp\/v2\/product_tag?post=61218"}],"curies":[{"name":"wp","href":"https:\/\/api.w.org\/{rel}","templated":true}]}}