{"id":61197,"date":"2026-02-24T16:36:23","date_gmt":"2026-02-24T15:36:23","guid":{"rendered":"https:\/\/imprimeideas.es\/producto\/delantal-con-peto-vaquero-4\/"},"modified":"2026-02-24T16:36:28","modified_gmt":"2026-02-24T15:36:28","slug":"delantal-con-peto-vaquero-4","status":"publish","type":"product","link":"https:\/\/imprimeideas.es\/en\/product\/delantal-con-peto-vaquero-4\/","title":{"rendered":"DELANTAL CON PETO VAQUERO"},"content":{"rendered":"<p>Delantal con peto en tejido canvas combinado con vaquero. Un bolso de pecho con costuras de fantas\u00eda y un bolso central de corte asim\u00e9trico compartimentado con un bolsillo relojero interior. Cinta de tejido vaquero regulable con botones met\u00e1licos en el cuello y cintas para ajustar en la cintura. Dise\u00f1o contempor\u00e1neo con desgastado y  remaches de cobre.<\/p>","protected":false},"excerpt":{"rendered":"<p>M720 &#8211; DELANTAL CON PETO VAQUERO<\/p>","protected":false},"featured_media":61200,"comment_status":"closed","ping_status":"open","template":"","meta":{"inline_featured_image":false},"product_brand":[],"product_cat":[2202],"product_tag":[],"class_list":{"0":"post-61197","1":"product","2":"type-product","3":"status-publish","4":"has-post-thumbnail","6":"product_cat-hosteleriacocinadelantal-cocina","7":"pa_color-beigevaquero","9":"first","10":"instock","11":"purchasable","12":"product-type-simple"},"aioseo_notices":[],"_links":{"self":[{"href":"https:\/\/imprimeideas.es\/en\/wp-json\/wp\/v2\/product\/61197","targetHints":{"allow":["GET"]}}],"collection":[{"href":"https:\/\/imprimeideas.es\/en\/wp-json\/wp\/v2\/product"}],"about":[{"href":"https:\/\/imprimeideas.es\/en\/wp-json\/wp\/v2\/types\/product"}],"replies":[{"embeddable":true,"href":"https:\/\/imprimeideas.es\/en\/wp-json\/wp\/v2\/comments?post=61197"}],"version-history":[{"count":1,"href":"https:\/\/imprimeideas.es\/en\/wp-json\/wp\/v2\/product\/61197\/revisions"}],"predecessor-version":[{"id":61198,"href":"https:\/\/imprimeideas.es\/en\/wp-json\/wp\/v2\/product\/61197\/revisions\/61198"}],"wp:featuredmedia":[{"embeddable":true,"href":"https:\/\/imprimeideas.es\/en\/wp-json\/wp\/v2\/media\/61200"}],"wp:attachment":[{"href":"https:\/\/imprimeideas.es\/en\/wp-json\/wp\/v2\/media?parent=61197"}],"wp:term":[{"taxonomy":"product_brand","embeddable":true,"href":"https:\/\/imprimeideas.es\/en\/wp-json\/wp\/v2\/product_brand?post=61197"},{"taxonomy":"product_cat","embeddable":true,"href":"https:\/\/imprimeideas.es\/en\/wp-json\/wp\/v2\/product_cat?post=61197"},{"taxonomy":"product_tag","embeddable":true,"href":"https:\/\/imprimeideas.es\/en\/wp-json\/wp\/v2\/product_tag?post=61197"}],"curies":[{"name":"wp","href":"https:\/\/api.w.org\/{rel}","templated":true}]}}