{"id":61189,"date":"2026-02-24T16:36:15","date_gmt":"2026-02-24T15:36:15","guid":{"rendered":"https:\/\/imprimeideas.es\/producto\/delantal-con-peto-vaquero-3\/"},"modified":"2026-02-24T16:36:19","modified_gmt":"2026-02-24T15:36:19","slug":"delantal-con-peto-vaquero-3","status":"publish","type":"product","link":"https:\/\/imprimeideas.es\/en\/product\/delantal-con-peto-vaquero-3\/","title":{"rendered":"DELANTAL CON PETO VAQUERO"},"content":{"rendered":"<p>Delantal con peto en tejido vaquero combinado con canvas. Un bolso de pecho con costuras de fantas\u00eda y un bolso central de corte asim\u00e9trico compartimentado con un bolsillo relojero interior. Cinta de tejido canvas regulable con botones met\u00e1licos en el cuello y cintas para ajustar en la cintura. Dise\u00f1o contempor\u00e1neo con remaches de cobre.<\/p>","protected":false},"excerpt":{"rendered":"<p>M718 &#8211; DELANTAL CON PETO VAQUERO<\/p>","protected":false},"featured_media":61192,"comment_status":"closed","ping_status":"open","template":"","meta":{"inline_featured_image":false},"product_brand":[],"product_cat":[2202],"product_tag":[],"class_list":{"0":"post-61189","1":"product","2":"type-product","3":"status-publish","4":"has-post-thumbnail","6":"product_cat-hosteleriacocinadelantal-cocina","7":"pa_color-vaquerobeige","9":"first","10":"instock","11":"purchasable","12":"product-type-simple"},"aioseo_notices":[],"_links":{"self":[{"href":"https:\/\/imprimeideas.es\/en\/wp-json\/wp\/v2\/product\/61189","targetHints":{"allow":["GET"]}}],"collection":[{"href":"https:\/\/imprimeideas.es\/en\/wp-json\/wp\/v2\/product"}],"about":[{"href":"https:\/\/imprimeideas.es\/en\/wp-json\/wp\/v2\/types\/product"}],"replies":[{"embeddable":true,"href":"https:\/\/imprimeideas.es\/en\/wp-json\/wp\/v2\/comments?post=61189"}],"version-history":[{"count":1,"href":"https:\/\/imprimeideas.es\/en\/wp-json\/wp\/v2\/product\/61189\/revisions"}],"predecessor-version":[{"id":61190,"href":"https:\/\/imprimeideas.es\/en\/wp-json\/wp\/v2\/product\/61189\/revisions\/61190"}],"wp:featuredmedia":[{"embeddable":true,"href":"https:\/\/imprimeideas.es\/en\/wp-json\/wp\/v2\/media\/61192"}],"wp:attachment":[{"href":"https:\/\/imprimeideas.es\/en\/wp-json\/wp\/v2\/media?parent=61189"}],"wp:term":[{"taxonomy":"product_brand","embeddable":true,"href":"https:\/\/imprimeideas.es\/en\/wp-json\/wp\/v2\/product_brand?post=61189"},{"taxonomy":"product_cat","embeddable":true,"href":"https:\/\/imprimeideas.es\/en\/wp-json\/wp\/v2\/product_cat?post=61189"},{"taxonomy":"product_tag","embeddable":true,"href":"https:\/\/imprimeideas.es\/en\/wp-json\/wp\/v2\/product_tag?post=61189"}],"curies":[{"name":"wp","href":"https:\/\/api.w.org\/{rel}","templated":true}]}}