{"id":61185,"date":"2026-02-24T16:36:11","date_gmt":"2026-02-24T15:36:11","guid":{"rendered":"https:\/\/imprimeideas.es\/producto\/delantal-frances-corto-vaquero-2\/"},"modified":"2026-02-24T16:36:15","modified_gmt":"2026-02-24T15:36:15","slug":"delantal-frances-corto-vaquero-2","status":"publish","type":"product","link":"https:\/\/imprimeideas.es\/en\/product\/delantal-frances-corto-vaquero-2\/","title":{"rendered":"DELANTAL FRANCES CORTO VAQUERO"},"content":{"rendered":"<p>Delantal franc\u00e9s corto en tejido vaquero combinado con canvas. Un bolso central de corte asim\u00e9trico compartimentado con bolsillo relojero interior. Cintas de tejido canvas para ajustar en la cintura. Dise\u00f1o contempor\u00e1neo con  remaches de cobre.<\/p>","protected":false},"excerpt":{"rendered":"<p>M717 &#8211; DELANTAL FRANCES CORTO VAQUERO<\/p>","protected":false},"featured_media":61188,"comment_status":"closed","ping_status":"open","template":"","meta":{"inline_featured_image":false},"product_brand":[],"product_cat":[2202],"product_tag":[],"class_list":{"0":"post-61185","1":"product","2":"type-product","3":"status-publish","4":"has-post-thumbnail","6":"product_cat-hosteleriacocinadelantal-cocina","7":"pa_color-vaquerobeige","9":"first","10":"instock","11":"purchasable","12":"product-type-simple"},"aioseo_notices":[],"_links":{"self":[{"href":"https:\/\/imprimeideas.es\/en\/wp-json\/wp\/v2\/product\/61185","targetHints":{"allow":["GET"]}}],"collection":[{"href":"https:\/\/imprimeideas.es\/en\/wp-json\/wp\/v2\/product"}],"about":[{"href":"https:\/\/imprimeideas.es\/en\/wp-json\/wp\/v2\/types\/product"}],"replies":[{"embeddable":true,"href":"https:\/\/imprimeideas.es\/en\/wp-json\/wp\/v2\/comments?post=61185"}],"version-history":[{"count":1,"href":"https:\/\/imprimeideas.es\/en\/wp-json\/wp\/v2\/product\/61185\/revisions"}],"predecessor-version":[{"id":61186,"href":"https:\/\/imprimeideas.es\/en\/wp-json\/wp\/v2\/product\/61185\/revisions\/61186"}],"wp:featuredmedia":[{"embeddable":true,"href":"https:\/\/imprimeideas.es\/en\/wp-json\/wp\/v2\/media\/61188"}],"wp:attachment":[{"href":"https:\/\/imprimeideas.es\/en\/wp-json\/wp\/v2\/media?parent=61185"}],"wp:term":[{"taxonomy":"product_brand","embeddable":true,"href":"https:\/\/imprimeideas.es\/en\/wp-json\/wp\/v2\/product_brand?post=61185"},{"taxonomy":"product_cat","embeddable":true,"href":"https:\/\/imprimeideas.es\/en\/wp-json\/wp\/v2\/product_cat?post=61185"},{"taxonomy":"product_tag","embeddable":true,"href":"https:\/\/imprimeideas.es\/en\/wp-json\/wp\/v2\/product_tag?post=61185"}],"curies":[{"name":"wp","href":"https:\/\/api.w.org\/{rel}","templated":true}]}}