{"id":61154,"date":"2026-02-24T16:35:44","date_gmt":"2026-02-24T15:35:44","guid":{"rendered":"https:\/\/imprimeideas.es\/producto\/delantal-frances-corto-3\/"},"modified":"2026-02-24T16:36:06","modified_gmt":"2026-02-24T15:36:06","slug":"delantal-frances-corto-3","status":"publish","type":"product","link":"https:\/\/imprimeideas.es\/en\/product\/delantal-frances-corto-3\/","title":{"rendered":"DELANTAL FRANCES CORTO"},"content":{"rendered":"<p>Delantal franc\u00e9s corto en tejido canvas. Un bolso central de corte asim\u00e9trico compartimentado con bolsillo relojero interior. Cintas de tejido vaquero para ajustar en la cintura. Dise\u00f1o contempor\u00e1neo con remaches de cobre.<\/p>","protected":false},"excerpt":{"rendered":"<p>M713 &#8211; DELANTAL FRANCES CORTO<\/p>","protected":false},"featured_media":26617,"comment_status":"closed","ping_status":"open","template":"","meta":{"inline_featured_image":false},"product_brand":[],"product_cat":[2202],"product_tag":[],"class_list":{"0":"post-61154","1":"product","2":"type-product","3":"status-publish","4":"has-post-thumbnail","6":"product_cat-hosteleriacocinadelantal-cocina","7":"pa_color-arena","8":"pa_color-azafata","9":"pa_color-beige","10":"pa_color-celeste","11":"pa_color-granate","13":"first","14":"instock","15":"purchasable","16":"product-type-variable"},"aioseo_notices":[],"_links":{"self":[{"href":"https:\/\/imprimeideas.es\/en\/wp-json\/wp\/v2\/product\/61154","targetHints":{"allow":["GET"]}}],"collection":[{"href":"https:\/\/imprimeideas.es\/en\/wp-json\/wp\/v2\/product"}],"about":[{"href":"https:\/\/imprimeideas.es\/en\/wp-json\/wp\/v2\/types\/product"}],"replies":[{"embeddable":true,"href":"https:\/\/imprimeideas.es\/en\/wp-json\/wp\/v2\/comments?post=61154"}],"version-history":[{"count":1,"href":"https:\/\/imprimeideas.es\/en\/wp-json\/wp\/v2\/product\/61154\/revisions"}],"predecessor-version":[{"id":61155,"href":"https:\/\/imprimeideas.es\/en\/wp-json\/wp\/v2\/product\/61154\/revisions\/61155"}],"wp:featuredmedia":[{"embeddable":true,"href":"https:\/\/imprimeideas.es\/en\/wp-json\/wp\/v2\/media\/26617"}],"wp:attachment":[{"href":"https:\/\/imprimeideas.es\/en\/wp-json\/wp\/v2\/media?parent=61154"}],"wp:term":[{"taxonomy":"product_brand","embeddable":true,"href":"https:\/\/imprimeideas.es\/en\/wp-json\/wp\/v2\/product_brand?post=61154"},{"taxonomy":"product_cat","embeddable":true,"href":"https:\/\/imprimeideas.es\/en\/wp-json\/wp\/v2\/product_cat?post=61154"},{"taxonomy":"product_tag","embeddable":true,"href":"https:\/\/imprimeideas.es\/en\/wp-json\/wp\/v2\/product_tag?post=61154"}],"curies":[{"name":"wp","href":"https:\/\/api.w.org\/{rel}","templated":true}]}}