{"id":61129,"date":"2026-02-24T16:35:21","date_gmt":"2026-02-24T15:35:21","guid":{"rendered":"https:\/\/imprimeideas.es\/producto\/delantal-con-peto-6\/"},"modified":"2026-02-24T16:35:44","modified_gmt":"2026-02-24T15:35:44","slug":"delantal-con-peto-6","status":"publish","type":"product","link":"https:\/\/imprimeideas.es\/en\/product\/delantal-con-peto-6\/","title":{"rendered":"DELANTAL CON PETO"},"content":{"rendered":"<p>Delantal con peto en tejido canvas. Un bolso de pecho con costuras de fantas\u00eda y un bolso central de corte asim\u00e9trico compartimentado con bolsillo relojero interior. Cinta de tejido vaquero regulable con botones met\u00e1licos en el cuello y cintas para ajustar en la cintura. Dise\u00f1o contempor\u00e1neo con  remaches de cobre.<\/p>","protected":false},"excerpt":{"rendered":"<p>M712 &#8211; DELANTAL CON PETO<\/p>","protected":false},"featured_media":26608,"comment_status":"closed","ping_status":"open","template":"","meta":{"inline_featured_image":false},"product_brand":[],"product_cat":[2202],"product_tag":[],"class_list":{"0":"post-61129","1":"product","2":"type-product","3":"status-publish","4":"has-post-thumbnail","6":"product_cat-hosteleriacocinadelantal-cocina","7":"pa_color-arena","8":"pa_color-azafata","9":"pa_color-beige","10":"pa_color-celeste","11":"pa_color-granate","13":"first","14":"instock","15":"purchasable","16":"product-type-variable"},"aioseo_notices":[],"_links":{"self":[{"href":"https:\/\/imprimeideas.es\/en\/wp-json\/wp\/v2\/product\/61129","targetHints":{"allow":["GET"]}}],"collection":[{"href":"https:\/\/imprimeideas.es\/en\/wp-json\/wp\/v2\/product"}],"about":[{"href":"https:\/\/imprimeideas.es\/en\/wp-json\/wp\/v2\/types\/product"}],"replies":[{"embeddable":true,"href":"https:\/\/imprimeideas.es\/en\/wp-json\/wp\/v2\/comments?post=61129"}],"version-history":[{"count":1,"href":"https:\/\/imprimeideas.es\/en\/wp-json\/wp\/v2\/product\/61129\/revisions"}],"predecessor-version":[{"id":61130,"href":"https:\/\/imprimeideas.es\/en\/wp-json\/wp\/v2\/product\/61129\/revisions\/61130"}],"wp:featuredmedia":[{"embeddable":true,"href":"https:\/\/imprimeideas.es\/en\/wp-json\/wp\/v2\/media\/26608"}],"wp:attachment":[{"href":"https:\/\/imprimeideas.es\/en\/wp-json\/wp\/v2\/media?parent=61129"}],"wp:term":[{"taxonomy":"product_brand","embeddable":true,"href":"https:\/\/imprimeideas.es\/en\/wp-json\/wp\/v2\/product_brand?post=61129"},{"taxonomy":"product_cat","embeddable":true,"href":"https:\/\/imprimeideas.es\/en\/wp-json\/wp\/v2\/product_cat?post=61129"},{"taxonomy":"product_tag","embeddable":true,"href":"https:\/\/imprimeideas.es\/en\/wp-json\/wp\/v2\/product_tag?post=61129"}],"curies":[{"name":"wp","href":"https:\/\/api.w.org\/{rel}","templated":true}]}}