{"id":61068,"date":"2026-02-24T16:28:40","date_gmt":"2026-02-24T15:28:40","guid":{"rendered":"https:\/\/imprimeideas.es\/producto\/gorro-frances\/"},"modified":"2026-02-24T16:34:10","modified_gmt":"2026-02-24T15:34:10","slug":"gorro-frances","status":"publish","type":"product","link":"https:\/\/imprimeideas.es\/en\/product\/gorro-frances\/","title":{"rendered":"GORRO FRANCES"},"content":{"rendered":"<p>Gorro franc\u00e9s de cocina estilo champi\u00f1\u00f3n. Pliegues en la parte superior y ajuste con velcro en la parte posterior para una mejor adaptaci\u00f3n.<\/p>","protected":false},"excerpt":{"rendered":"<p>M609 &#8211; GORRO FRANCES<\/p>","protected":false},"featured_media":26555,"comment_status":"closed","ping_status":"open","template":"","meta":{"inline_featured_image":false},"product_brand":[],"product_cat":[2206],"product_tag":[],"class_list":{"0":"post-61068","1":"product","2":"type-product","3":"status-publish","4":"has-post-thumbnail","6":"product_cat-hosteleriacocinagorro-cocina","7":"pa_color-amarillo","8":"pa_color-azulina","9":"pa_color-beige","10":"pa_color-blanco","11":"pa_color-granate","12":"pa_color-gris","13":"pa_color-naranja","14":"pa_color-negro","15":"pa_color-rojo","16":"pa_color-rosa-fucsia","17":"pa_color-verde","18":"pa_color-verde-pistacho","20":"first","21":"instock","22":"purchasable","23":"product-type-variable"},"aioseo_notices":[],"_links":{"self":[{"href":"https:\/\/imprimeideas.es\/en\/wp-json\/wp\/v2\/product\/61068","targetHints":{"allow":["GET"]}}],"collection":[{"href":"https:\/\/imprimeideas.es\/en\/wp-json\/wp\/v2\/product"}],"about":[{"href":"https:\/\/imprimeideas.es\/en\/wp-json\/wp\/v2\/types\/product"}],"replies":[{"embeddable":true,"href":"https:\/\/imprimeideas.es\/en\/wp-json\/wp\/v2\/comments?post=61068"}],"version-history":[{"count":1,"href":"https:\/\/imprimeideas.es\/en\/wp-json\/wp\/v2\/product\/61068\/revisions"}],"predecessor-version":[{"id":61069,"href":"https:\/\/imprimeideas.es\/en\/wp-json\/wp\/v2\/product\/61068\/revisions\/61069"}],"wp:featuredmedia":[{"embeddable":true,"href":"https:\/\/imprimeideas.es\/en\/wp-json\/wp\/v2\/media\/26555"}],"wp:attachment":[{"href":"https:\/\/imprimeideas.es\/en\/wp-json\/wp\/v2\/media?parent=61068"}],"wp:term":[{"taxonomy":"product_brand","embeddable":true,"href":"https:\/\/imprimeideas.es\/en\/wp-json\/wp\/v2\/product_brand?post=61068"},{"taxonomy":"product_cat","embeddable":true,"href":"https:\/\/imprimeideas.es\/en\/wp-json\/wp\/v2\/product_cat?post=61068"},{"taxonomy":"product_tag","embeddable":true,"href":"https:\/\/imprimeideas.es\/en\/wp-json\/wp\/v2\/product_tag?post=61068"}],"curies":[{"name":"wp","href":"https:\/\/api.w.org\/{rel}","templated":true}]}}