{"id":59069,"date":"2026-02-24T15:22:52","date_gmt":"2026-02-24T14:22:52","guid":{"rendered":"https:\/\/imprimeideas.es\/producto\/delantal-frances-largo\/"},"modified":"2026-02-24T15:23:21","modified_gmt":"2026-02-24T14:23:21","slug":"delantal-frances-largo","status":"publish","type":"product","link":"https:\/\/imprimeideas.es\/en\/product\/delantal-frances-largo\/","title":{"rendered":"DELANTAL FRANCES LARGO"},"content":{"rendered":"<p>Delantal franc\u00e9s largo de dise\u00f1o sencillo. Tiras para ajustar en la cintura. Colores a elegir. Fabricaci\u00f3n especial. 70X65 cm.<\/p>","protected":false},"excerpt":{"rendered":"<p>M200 &#8211; DELANTAL FRANCES LARGO<\/p>","protected":false},"featured_media":26423,"comment_status":"closed","ping_status":"open","template":"","meta":{"inline_featured_image":false},"product_brand":[],"product_cat":[2202],"product_tag":[],"class_list":{"0":"post-59069","1":"product","2":"type-product","3":"status-publish","4":"has-post-thumbnail","6":"product_cat-hosteleriacocinadelantal-cocina","7":"pa_color-beige","8":"pa_color-blanco","9":"pa_color-granate","10":"pa_color-naranja","11":"pa_color-negro","12":"pa_color-rojo","13":"pa_color-verde","15":"first","16":"instock","17":"purchasable","18":"product-type-variable"},"aioseo_notices":[],"_links":{"self":[{"href":"https:\/\/imprimeideas.es\/en\/wp-json\/wp\/v2\/product\/59069","targetHints":{"allow":["GET"]}}],"collection":[{"href":"https:\/\/imprimeideas.es\/en\/wp-json\/wp\/v2\/product"}],"about":[{"href":"https:\/\/imprimeideas.es\/en\/wp-json\/wp\/v2\/types\/product"}],"replies":[{"embeddable":true,"href":"https:\/\/imprimeideas.es\/en\/wp-json\/wp\/v2\/comments?post=59069"}],"version-history":[{"count":1,"href":"https:\/\/imprimeideas.es\/en\/wp-json\/wp\/v2\/product\/59069\/revisions"}],"predecessor-version":[{"id":59070,"href":"https:\/\/imprimeideas.es\/en\/wp-json\/wp\/v2\/product\/59069\/revisions\/59070"}],"wp:featuredmedia":[{"embeddable":true,"href":"https:\/\/imprimeideas.es\/en\/wp-json\/wp\/v2\/media\/26423"}],"wp:attachment":[{"href":"https:\/\/imprimeideas.es\/en\/wp-json\/wp\/v2\/media?parent=59069"}],"wp:term":[{"taxonomy":"product_brand","embeddable":true,"href":"https:\/\/imprimeideas.es\/en\/wp-json\/wp\/v2\/product_brand?post=59069"},{"taxonomy":"product_cat","embeddable":true,"href":"https:\/\/imprimeideas.es\/en\/wp-json\/wp\/v2\/product_cat?post=59069"},{"taxonomy":"product_tag","embeddable":true,"href":"https:\/\/imprimeideas.es\/en\/wp-json\/wp\/v2\/product_tag?post=59069"}],"curies":[{"name":"wp","href":"https:\/\/api.w.org\/{rel}","templated":true}]}}