{"id":59033,"date":"2026-02-24T15:21:04","date_gmt":"2026-02-24T14:21:04","guid":{"rendered":"https:\/\/imprimeideas.es\/producto\/bata-desechable\/"},"modified":"2026-02-24T15:21:10","modified_gmt":"2026-02-24T14:21:10","slug":"bata-desechable","status":"publish","type":"product","link":"https:\/\/imprimeideas.es\/en\/product\/bata-desechable\/","title":{"rendered":"BATA DESECHABLE"},"content":{"rendered":"<p>Bata desechable de cuello redondo. Goma el\u00e1stica en pu\u00f1os. Ajuste trasero de cord\u00f3n en cintura y cuello. Fabricada con tejido no tejido de polipropileno. Ofrece una amplia gama de protecci\u00f3n contra part\u00edculas secas no peligrosas, salpicaduras de agua limitadas y frente a la suciedad. Es ligera, transpirable y econ\u00f3mica. Altamente funcional y c\u00f3moda. Este art\u00edculo No es un producto sanitario.<\/p>","protected":false},"excerpt":{"rendered":"<p>J6050 &#8211; BATA DESECHABLE<\/p>","protected":false},"featured_media":59036,"comment_status":"closed","ping_status":"open","template":"","meta":{"inline_featured_image":false},"product_brand":[],"product_cat":[2201],"product_tag":[],"class_list":{"0":"post-59033","1":"product","2":"type-product","3":"status-publish","4":"has-post-thumbnail","6":"product_cat-epibata-epidesechablesbata-desechable","7":"pa_color-blanco","9":"first","10":"instock","11":"purchasable","12":"product-type-simple"},"aioseo_notices":[],"_links":{"self":[{"href":"https:\/\/imprimeideas.es\/en\/wp-json\/wp\/v2\/product\/59033","targetHints":{"allow":["GET"]}}],"collection":[{"href":"https:\/\/imprimeideas.es\/en\/wp-json\/wp\/v2\/product"}],"about":[{"href":"https:\/\/imprimeideas.es\/en\/wp-json\/wp\/v2\/types\/product"}],"replies":[{"embeddable":true,"href":"https:\/\/imprimeideas.es\/en\/wp-json\/wp\/v2\/comments?post=59033"}],"version-history":[{"count":1,"href":"https:\/\/imprimeideas.es\/en\/wp-json\/wp\/v2\/product\/59033\/revisions"}],"predecessor-version":[{"id":59034,"href":"https:\/\/imprimeideas.es\/en\/wp-json\/wp\/v2\/product\/59033\/revisions\/59034"}],"wp:featuredmedia":[{"embeddable":true,"href":"https:\/\/imprimeideas.es\/en\/wp-json\/wp\/v2\/media\/59036"}],"wp:attachment":[{"href":"https:\/\/imprimeideas.es\/en\/wp-json\/wp\/v2\/media?parent=59033"}],"wp:term":[{"taxonomy":"product_brand","embeddable":true,"href":"https:\/\/imprimeideas.es\/en\/wp-json\/wp\/v2\/product_brand?post=59033"},{"taxonomy":"product_cat","embeddable":true,"href":"https:\/\/imprimeideas.es\/en\/wp-json\/wp\/v2\/product_cat?post=59033"},{"taxonomy":"product_tag","embeddable":true,"href":"https:\/\/imprimeideas.es\/en\/wp-json\/wp\/v2\/product_tag?post=59033"}],"curies":[{"name":"wp","href":"https:\/\/api.w.org\/{rel}","templated":true}]}}