{"id":59030,"date":"2026-02-24T15:21:00","date_gmt":"2026-02-24T14:21:00","guid":{"rendered":"https:\/\/imprimeideas.es\/producto\/j4000-buzo-desechable-antiestatico-proteccion-de-agentes-infecciosos-radiacion-productos-quimicos-y-particulas-solidas-2\/"},"modified":"2026-02-24T15:21:05","modified_gmt":"2026-02-24T14:21:05","slug":"j4000-buzo-desechable-antiestatico-proteccion-de-agentes-infecciosos-radiacion-productos-quimicos-y-particulas-solidas-2","status":"publish","type":"product","link":"https:\/\/imprimeideas.es\/en\/product\/j4000-buzo-desechable-antiestatico-proteccion-de-agentes-infecciosos-radiacion-productos-quimicos-y-particulas-solidas-2\/","title":{"rendered":"J4000 &#8211; BUZO DESECHABLE ANTIESTATICO, PROTECCION DE AGENTES INFECCIOSOS, RADIACION, PRODUCTOS QUIMICOS Y PARTICULAS SOLIDAS"},"content":{"rendered":"<p>Buzo desechable con capucha. Goma el\u00e1stica en pu\u00f1os y tobillos. Cremallera central. Fabricado con tejido no tejido de polipropileno. Ofrece una amplia gama de protecci\u00f3n contra part\u00edculas secas no peligrosas, salpicaduras de agua limitadas y frente a la suciedad. Es ligero, transpirable y econ\u00f3mico. Altamente funcional y c\u00f3modo.<\/p>","protected":false},"excerpt":{"rendered":"<p>J4000 &#8211; BUZO DESECHABLE ANTIESTATICO, PROTECCION DE AGENTES INFECCIOSOS, RADIACION, PRODUCTOS QUIMICOS Y PARTICULAS SOLIDAS<\/p>","protected":false},"featured_media":59020,"comment_status":"closed","ping_status":"open","template":"","meta":{"inline_featured_image":false},"product_brand":[],"product_cat":[2200],"product_tag":[],"class_list":{"0":"post-59030","1":"product","2":"type-product","3":"status-publish","4":"has-post-thumbnail","6":"product_cat-epiantiestaticoagentes-infecciososradiacionproductos-quimicosparticulas-solidasproteccionbuzo-proteccion","7":"pa_color-blanco","9":"first","10":"instock","11":"purchasable","12":"product-type-simple"},"aioseo_notices":[],"_links":{"self":[{"href":"https:\/\/imprimeideas.es\/en\/wp-json\/wp\/v2\/product\/59030","targetHints":{"allow":["GET"]}}],"collection":[{"href":"https:\/\/imprimeideas.es\/en\/wp-json\/wp\/v2\/product"}],"about":[{"href":"https:\/\/imprimeideas.es\/en\/wp-json\/wp\/v2\/types\/product"}],"replies":[{"embeddable":true,"href":"https:\/\/imprimeideas.es\/en\/wp-json\/wp\/v2\/comments?post=59030"}],"version-history":[{"count":1,"href":"https:\/\/imprimeideas.es\/en\/wp-json\/wp\/v2\/product\/59030\/revisions"}],"predecessor-version":[{"id":59031,"href":"https:\/\/imprimeideas.es\/en\/wp-json\/wp\/v2\/product\/59030\/revisions\/59031"}],"wp:featuredmedia":[{"embeddable":true,"href":"https:\/\/imprimeideas.es\/en\/wp-json\/wp\/v2\/media\/59020"}],"wp:attachment":[{"href":"https:\/\/imprimeideas.es\/en\/wp-json\/wp\/v2\/media?parent=59030"}],"wp:term":[{"taxonomy":"product_brand","embeddable":true,"href":"https:\/\/imprimeideas.es\/en\/wp-json\/wp\/v2\/product_brand?post=59030"},{"taxonomy":"product_cat","embeddable":true,"href":"https:\/\/imprimeideas.es\/en\/wp-json\/wp\/v2\/product_cat?post=59030"},{"taxonomy":"product_tag","embeddable":true,"href":"https:\/\/imprimeideas.es\/en\/wp-json\/wp\/v2\/product_tag?post=59030"}],"curies":[{"name":"wp","href":"https:\/\/api.w.org\/{rel}","templated":true}]}}