{"id":59024,"date":"2026-02-24T15:20:43","date_gmt":"2026-02-24T14:20:43","guid":{"rendered":"https:\/\/imprimeideas.es\/producto\/j4000-buzo-desechable-antiestatico-proteccion-de-agentes-infecciosos-radiacion-productos-quimicos-y-particulas-solidas\/"},"modified":"2026-02-24T15:21:01","modified_gmt":"2026-02-24T14:21:01","slug":"j4000-buzo-desechable-antiestatico-proteccion-de-agentes-infecciosos-radiacion-productos-quimicos-y-particulas-solidas","status":"publish","type":"product","link":"https:\/\/imprimeideas.es\/en\/product\/j4000-buzo-desechable-antiestatico-proteccion-de-agentes-infecciosos-radiacion-productos-quimicos-y-particulas-solidas\/","title":{"rendered":"J4000 &#8211; BUZO DESECHABLE ANTIESTATICO, PROTECCION DE AGENTES INFECCIOSOS, RADIACION, PRODUCTOS QUIMICOS Y PARTICULAS SOLIDAS"},"content":{"rendered":"<p>Buzo con capucha. Goma el\u00e1stica en capucha, pu\u00f1os, cintura trasera y tobillos. Abertura para pulgar. Cremallera central oculta por solapa. Solapa protege barbilla. Costuras remalladas reforzadas y selladas con cinta a contraste. Fabricado con una capa de film laminado microporoso no tejido. Protecci\u00f3n contra l\u00edquidos y part\u00edculas, aerosoles qu\u00edmicos herm\u00e9ticos y pat\u00f3genos transmitidos por la sangre. Antiest\u00e1tico, baja resistencia t\u00e9rmica con alta eficiencia de transmisi\u00f3n de vapor de agua y buena transpirabilidad. Est\u00e1 dise\u00f1ado para ofrecer una barrera contra los agentes biol\u00f3gicos infecciosos y part\u00edculas radioactivas. Costuras reforzadas con cinta tejida interna para aumentar la barrera de resistencia a l\u00edquidos y part\u00edculas. Bajo nivel de pelusa.<\/p>","protected":false},"excerpt":{"rendered":"<p>J4000 &#8211; BUZO DESECHABLE ANTIESTATICO, PROTECCION DE AGENTES INFECCIOSOS, RADIACION, PRODUCTOS QUIMICOS Y PARTICULAS SOLIDAS<\/p>","protected":false},"featured_media":59020,"comment_status":"closed","ping_status":"open","template":"","meta":{"inline_featured_image":false},"product_brand":[],"product_cat":[2200],"product_tag":[],"class_list":{"0":"post-59024","1":"product","2":"type-product","3":"status-publish","4":"has-post-thumbnail","6":"product_cat-epiantiestaticoagentes-infecciososradiacionproductos-quimicosparticulas-solidasproteccionbuzo-proteccion","7":"pa_color-blanco","9":"first","10":"instock","11":"purchasable","12":"product-type-variable"},"aioseo_notices":[],"_links":{"self":[{"href":"https:\/\/imprimeideas.es\/en\/wp-json\/wp\/v2\/product\/59024","targetHints":{"allow":["GET"]}}],"collection":[{"href":"https:\/\/imprimeideas.es\/en\/wp-json\/wp\/v2\/product"}],"about":[{"href":"https:\/\/imprimeideas.es\/en\/wp-json\/wp\/v2\/types\/product"}],"replies":[{"embeddable":true,"href":"https:\/\/imprimeideas.es\/en\/wp-json\/wp\/v2\/comments?post=59024"}],"version-history":[{"count":1,"href":"https:\/\/imprimeideas.es\/en\/wp-json\/wp\/v2\/product\/59024\/revisions"}],"predecessor-version":[{"id":59025,"href":"https:\/\/imprimeideas.es\/en\/wp-json\/wp\/v2\/product\/59024\/revisions\/59025"}],"wp:featuredmedia":[{"embeddable":true,"href":"https:\/\/imprimeideas.es\/en\/wp-json\/wp\/v2\/media\/59020"}],"wp:attachment":[{"href":"https:\/\/imprimeideas.es\/en\/wp-json\/wp\/v2\/media?parent=59024"}],"wp:term":[{"taxonomy":"product_brand","embeddable":true,"href":"https:\/\/imprimeideas.es\/en\/wp-json\/wp\/v2\/product_brand?post=59024"},{"taxonomy":"product_cat","embeddable":true,"href":"https:\/\/imprimeideas.es\/en\/wp-json\/wp\/v2\/product_cat?post=59024"},{"taxonomy":"product_tag","embeddable":true,"href":"https:\/\/imprimeideas.es\/en\/wp-json\/wp\/v2\/product_tag?post=59024"}],"curies":[{"name":"wp","href":"https:\/\/api.w.org\/{rel}","templated":true}]}}