{"id":58348,"date":"2026-02-24T14:21:18","date_gmt":"2026-02-24T13:21:18","guid":{"rendered":"https:\/\/imprimeideas.es\/producto\/casaca-sanitaria-19\/"},"modified":"2026-02-24T14:21:41","modified_gmt":"2026-02-24T13:21:41","slug":"casaca-sanitaria-19","status":"publish","type":"product","link":"https:\/\/imprimeideas.es\/en\/product\/casaca-sanitaria-19\/","title":{"rendered":"CASACA SANITARIA"},"content":{"rendered":"<p>Casaca unisex combinada de manga corta con tejido el\u00e1stico y estampado. Cuello a pico. Canes\u00fa en espalda. Dos bolsillos dobles laterales de plast\u00f3n. Aberturas en los costados.<\/p>","protected":false},"excerpt":{"rendered":"<p>B9865 &#8211; CASACA SANITARIA<\/p>","protected":false},"featured_media":58366,"comment_status":"closed","ping_status":"open","template":"","meta":{"inline_featured_image":false},"product_brand":[],"product_cat":[2187],"product_tag":[],"class_list":{"0":"post-58348","1":"product","2":"type-product","3":"status-publish","4":"has-post-thumbnail","6":"product_cat-sanitariocasaca-sanitaria","7":"pa_color-azul-celeste","9":"first","10":"instock","11":"purchasable","12":"product-type-variable"},"aioseo_notices":[],"_links":{"self":[{"href":"https:\/\/imprimeideas.es\/en\/wp-json\/wp\/v2\/product\/58348","targetHints":{"allow":["GET"]}}],"collection":[{"href":"https:\/\/imprimeideas.es\/en\/wp-json\/wp\/v2\/product"}],"about":[{"href":"https:\/\/imprimeideas.es\/en\/wp-json\/wp\/v2\/types\/product"}],"replies":[{"embeddable":true,"href":"https:\/\/imprimeideas.es\/en\/wp-json\/wp\/v2\/comments?post=58348"}],"version-history":[{"count":1,"href":"https:\/\/imprimeideas.es\/en\/wp-json\/wp\/v2\/product\/58348\/revisions"}],"predecessor-version":[{"id":58350,"href":"https:\/\/imprimeideas.es\/en\/wp-json\/wp\/v2\/product\/58348\/revisions\/58350"}],"wp:featuredmedia":[{"embeddable":true,"href":"https:\/\/imprimeideas.es\/en\/wp-json\/wp\/v2\/media\/58366"}],"wp:attachment":[{"href":"https:\/\/imprimeideas.es\/en\/wp-json\/wp\/v2\/media?parent=58348"}],"wp:term":[{"taxonomy":"product_brand","embeddable":true,"href":"https:\/\/imprimeideas.es\/en\/wp-json\/wp\/v2\/product_brand?post=58348"},{"taxonomy":"product_cat","embeddable":true,"href":"https:\/\/imprimeideas.es\/en\/wp-json\/wp\/v2\/product_cat?post=58348"},{"taxonomy":"product_tag","embeddable":true,"href":"https:\/\/imprimeideas.es\/en\/wp-json\/wp\/v2\/product_tag?post=58348"}],"curies":[{"name":"wp","href":"https:\/\/api.w.org\/{rel}","templated":true}]}}