{"id":57845,"date":"2026-02-24T14:16:35","date_gmt":"2026-02-24T13:16:35","guid":{"rendered":"https:\/\/imprimeideas.es\/producto\/casaca-sanitaria-15\/"},"modified":"2026-02-24T14:16:56","modified_gmt":"2026-02-24T13:16:56","slug":"casaca-sanitaria-15","status":"publish","type":"product","link":"https:\/\/imprimeideas.es\/en\/product\/casaca-sanitaria-15\/","title":{"rendered":"CASACA SANITARIA"},"content":{"rendered":"<p>Casaca unisex combinada de manga corta con tejido el\u00e1stico y estampado. Cuello a pico. Canes\u00fa en espalda. Dos bolsillos dobles laterales de plast\u00f3n. Aberturas en los costados.<\/p>","protected":false},"excerpt":{"rendered":"<p>B9861 &#8211; CASACA SANITARIA<\/p>","protected":false},"featured_media":57848,"comment_status":"closed","ping_status":"open","template":"","meta":{"inline_featured_image":false},"product_brand":[],"product_cat":[2187],"product_tag":[],"class_list":{"0":"post-57845","1":"product","2":"type-product","3":"status-publish","4":"has-post-thumbnail","6":"product_cat-sanitariocasaca-sanitaria","7":"pa_color-rojo","9":"first","10":"instock","11":"purchasable","12":"product-type-variable"},"aioseo_notices":[],"_links":{"self":[{"href":"https:\/\/imprimeideas.es\/en\/wp-json\/wp\/v2\/product\/57845","targetHints":{"allow":["GET"]}}],"collection":[{"href":"https:\/\/imprimeideas.es\/en\/wp-json\/wp\/v2\/product"}],"about":[{"href":"https:\/\/imprimeideas.es\/en\/wp-json\/wp\/v2\/types\/product"}],"replies":[{"embeddable":true,"href":"https:\/\/imprimeideas.es\/en\/wp-json\/wp\/v2\/comments?post=57845"}],"version-history":[{"count":1,"href":"https:\/\/imprimeideas.es\/en\/wp-json\/wp\/v2\/product\/57845\/revisions"}],"predecessor-version":[{"id":57846,"href":"https:\/\/imprimeideas.es\/en\/wp-json\/wp\/v2\/product\/57845\/revisions\/57846"}],"wp:featuredmedia":[{"embeddable":true,"href":"https:\/\/imprimeideas.es\/en\/wp-json\/wp\/v2\/media\/57848"}],"wp:attachment":[{"href":"https:\/\/imprimeideas.es\/en\/wp-json\/wp\/v2\/media?parent=57845"}],"wp:term":[{"taxonomy":"product_brand","embeddable":true,"href":"https:\/\/imprimeideas.es\/en\/wp-json\/wp\/v2\/product_brand?post=57845"},{"taxonomy":"product_cat","embeddable":true,"href":"https:\/\/imprimeideas.es\/en\/wp-json\/wp\/v2\/product_cat?post=57845"},{"taxonomy":"product_tag","embeddable":true,"href":"https:\/\/imprimeideas.es\/en\/wp-json\/wp\/v2\/product_tag?post=57845"}],"curies":[{"name":"wp","href":"https:\/\/api.w.org\/{rel}","templated":true}]}}