{"id":57818,"date":"2026-02-24T14:15:27","date_gmt":"2026-02-24T13:15:27","guid":{"rendered":"https:\/\/imprimeideas.es\/producto\/casaca-sanitaria-12\/"},"modified":"2026-02-24T14:15:55","modified_gmt":"2026-02-24T13:15:55","slug":"casaca-sanitaria-12","status":"publish","type":"product","link":"https:\/\/imprimeideas.es\/en\/product\/casaca-sanitaria-12\/","title":{"rendered":"CASACA SANITARIA"},"content":{"rendered":"<p>Casaca unisex de manga corta con tejido el\u00e1stico y estampado. Cuello a pico con bies y el\u00e1stico combinados. Canes\u00fa en espalda. Un bolsillo de pecho y dos laterales de ojal. Aberturas en los costados.<\/p>","protected":false},"excerpt":{"rendered":"<p>B9858 &#8211; CASACA SANITARIA<\/p>","protected":false},"featured_media":0,"comment_status":"closed","ping_status":"open","template":"","meta":{"inline_featured_image":false},"product_brand":[],"product_cat":[2187],"product_tag":[],"class_list":{"0":"post-57818","1":"product","2":"type-product","3":"status-publish","5":"product_cat-sanitariocasaca-sanitaria","6":"pa_color-estampado","8":"first","9":"instock","10":"purchasable","11":"product-type-variable"},"aioseo_notices":[],"_links":{"self":[{"href":"https:\/\/imprimeideas.es\/en\/wp-json\/wp\/v2\/product\/57818","targetHints":{"allow":["GET"]}}],"collection":[{"href":"https:\/\/imprimeideas.es\/en\/wp-json\/wp\/v2\/product"}],"about":[{"href":"https:\/\/imprimeideas.es\/en\/wp-json\/wp\/v2\/types\/product"}],"replies":[{"embeddable":true,"href":"https:\/\/imprimeideas.es\/en\/wp-json\/wp\/v2\/comments?post=57818"}],"version-history":[{"count":1,"href":"https:\/\/imprimeideas.es\/en\/wp-json\/wp\/v2\/product\/57818\/revisions"}],"predecessor-version":[{"id":57819,"href":"https:\/\/imprimeideas.es\/en\/wp-json\/wp\/v2\/product\/57818\/revisions\/57819"}],"wp:attachment":[{"href":"https:\/\/imprimeideas.es\/en\/wp-json\/wp\/v2\/media?parent=57818"}],"wp:term":[{"taxonomy":"product_brand","embeddable":true,"href":"https:\/\/imprimeideas.es\/en\/wp-json\/wp\/v2\/product_brand?post=57818"},{"taxonomy":"product_cat","embeddable":true,"href":"https:\/\/imprimeideas.es\/en\/wp-json\/wp\/v2\/product_cat?post=57818"},{"taxonomy":"product_tag","embeddable":true,"href":"https:\/\/imprimeideas.es\/en\/wp-json\/wp\/v2\/product_tag?post=57818"}],"curies":[{"name":"wp","href":"https:\/\/api.w.org\/{rel}","templated":true}]}}