{"id":57746,"date":"2026-02-24T14:13:42","date_gmt":"2026-02-24T13:13:42","guid":{"rendered":"https:\/\/imprimeideas.es\/producto\/pantalon-sanitario-de-senora\/"},"modified":"2026-02-24T14:14:20","modified_gmt":"2026-02-24T13:14:20","slug":"pantalon-sanitario-de-senora","status":"publish","type":"product","link":"https:\/\/imprimeideas.es\/en\/product\/pantalon-sanitario-de-senora\/","title":{"rendered":"PANTALON SANITARIO DE SE\u00d1ORA"},"content":{"rendered":"<p>Pantal\u00f3n recto de se\u00f1ora. El\u00e1stico en la cintura. Cierre de bot\u00f3n y bragueta de cremallera. Su composici\u00f3n en poli\u00e9ster 100% asegura la estabilidad dimensional de la prenda.<\/p>","protected":false},"excerpt":{"rendered":"<p>B9501 &#8211; PANTALON SANITARIO DE SE\u00d1ORA<\/p>","protected":false},"featured_media":26192,"comment_status":"closed","ping_status":"open","template":"","meta":{"inline_featured_image":false},"product_brand":[],"product_cat":[2189],"product_tag":[],"class_list":{"0":"post-57746","1":"product","2":"type-product","3":"status-publish","4":"has-post-thumbnail","6":"product_cat-sanitariopantalon-sanitariomujerpantalon-mujer","7":"pa_color-beige","8":"pa_color-blanco","9":"pa_color-malva","10":"pa_color-negro","12":"first","13":"instock","14":"purchasable","15":"product-type-variable"},"aioseo_notices":[],"_links":{"self":[{"href":"https:\/\/imprimeideas.es\/en\/wp-json\/wp\/v2\/product\/57746","targetHints":{"allow":["GET"]}}],"collection":[{"href":"https:\/\/imprimeideas.es\/en\/wp-json\/wp\/v2\/product"}],"about":[{"href":"https:\/\/imprimeideas.es\/en\/wp-json\/wp\/v2\/types\/product"}],"replies":[{"embeddable":true,"href":"https:\/\/imprimeideas.es\/en\/wp-json\/wp\/v2\/comments?post=57746"}],"version-history":[{"count":1,"href":"https:\/\/imprimeideas.es\/en\/wp-json\/wp\/v2\/product\/57746\/revisions"}],"predecessor-version":[{"id":57747,"href":"https:\/\/imprimeideas.es\/en\/wp-json\/wp\/v2\/product\/57746\/revisions\/57747"}],"wp:featuredmedia":[{"embeddable":true,"href":"https:\/\/imprimeideas.es\/en\/wp-json\/wp\/v2\/media\/26192"}],"wp:attachment":[{"href":"https:\/\/imprimeideas.es\/en\/wp-json\/wp\/v2\/media?parent=57746"}],"wp:term":[{"taxonomy":"product_brand","embeddable":true,"href":"https:\/\/imprimeideas.es\/en\/wp-json\/wp\/v2\/product_brand?post=57746"},{"taxonomy":"product_cat","embeddable":true,"href":"https:\/\/imprimeideas.es\/en\/wp-json\/wp\/v2\/product_cat?post=57746"},{"taxonomy":"product_tag","embeddable":true,"href":"https:\/\/imprimeideas.es\/en\/wp-json\/wp\/v2\/product_tag?post=57746"}],"curies":[{"name":"wp","href":"https:\/\/api.w.org\/{rel}","templated":true}]}}