{"id":57679,"date":"2026-02-24T14:11:42","date_gmt":"2026-02-24T13:11:42","guid":{"rendered":"https:\/\/imprimeideas.es\/producto\/pantalon-sanitario-5\/"},"modified":"2026-02-24T14:11:50","modified_gmt":"2026-02-24T13:11:50","slug":"pantalon-sanitario-5","status":"publish","type":"product","link":"https:\/\/imprimeideas.es\/en\/product\/pantalon-sanitario-5\/","title":{"rendered":"PANTALON SANITARIO"},"content":{"rendered":"<p>Pantal\u00f3n sanitario unisex en algod\u00f3n. Un bolso trasero de plast\u00f3n. El\u00e1stico en la cintura. Cierre de bot\u00f3n y bragueta de cremallera. Ligero, hipoalerg\u00e9nico y de tacto suave.<\/p>","protected":false},"excerpt":{"rendered":"<p>B9311 &#8211; PANTALON SANITARIO<\/p>","protected":false},"featured_media":57682,"comment_status":"closed","ping_status":"open","template":"","meta":{"inline_featured_image":false},"product_brand":[],"product_cat":[2188],"product_tag":[],"class_list":{"0":"post-57679","1":"product","2":"type-product","3":"status-publish","4":"has-post-thumbnail","6":"product_cat-sanitariopantalon-sanitario","7":"pa_color-blanco","9":"first","10":"instock","11":"purchasable","12":"product-type-variable"},"aioseo_notices":[],"_links":{"self":[{"href":"https:\/\/imprimeideas.es\/en\/wp-json\/wp\/v2\/product\/57679","targetHints":{"allow":["GET"]}}],"collection":[{"href":"https:\/\/imprimeideas.es\/en\/wp-json\/wp\/v2\/product"}],"about":[{"href":"https:\/\/imprimeideas.es\/en\/wp-json\/wp\/v2\/types\/product"}],"replies":[{"embeddable":true,"href":"https:\/\/imprimeideas.es\/en\/wp-json\/wp\/v2\/comments?post=57679"}],"version-history":[{"count":1,"href":"https:\/\/imprimeideas.es\/en\/wp-json\/wp\/v2\/product\/57679\/revisions"}],"predecessor-version":[{"id":57680,"href":"https:\/\/imprimeideas.es\/en\/wp-json\/wp\/v2\/product\/57679\/revisions\/57680"}],"wp:featuredmedia":[{"embeddable":true,"href":"https:\/\/imprimeideas.es\/en\/wp-json\/wp\/v2\/media\/57682"}],"wp:attachment":[{"href":"https:\/\/imprimeideas.es\/en\/wp-json\/wp\/v2\/media?parent=57679"}],"wp:term":[{"taxonomy":"product_brand","embeddable":true,"href":"https:\/\/imprimeideas.es\/en\/wp-json\/wp\/v2\/product_brand?post=57679"},{"taxonomy":"product_cat","embeddable":true,"href":"https:\/\/imprimeideas.es\/en\/wp-json\/wp\/v2\/product_cat?post=57679"},{"taxonomy":"product_tag","embeddable":true,"href":"https:\/\/imprimeideas.es\/en\/wp-json\/wp\/v2\/product_tag?post=57679"}],"curies":[{"name":"wp","href":"https:\/\/api.w.org\/{rel}","templated":true}]}}