{"id":57628,"date":"2026-02-24T14:10:26","date_gmt":"2026-02-24T13:10:26","guid":{"rendered":"https:\/\/imprimeideas.es\/producto\/pantalon-sanitario-4\/"},"modified":"2026-02-24T14:11:42","modified_gmt":"2026-02-24T13:11:42","slug":"pantalon-sanitario-4","status":"publish","type":"product","link":"https:\/\/imprimeideas.es\/en\/product\/pantalon-sanitario-4\/","title":{"rendered":"PANTALON SANITARIO"},"content":{"rendered":"<p>Pantal\u00f3n recto unisex. Un bolso trasero de plast\u00f3n. El\u00e1stico en la cintura. Cierre de bot\u00f3n y bragueta de cremallera.<\/p>","protected":false},"excerpt":{"rendered":"<p>B9300 &#8211; PANTALON SANITARIO<\/p>","protected":false},"featured_media":26131,"comment_status":"closed","ping_status":"open","template":"","meta":{"inline_featured_image":false},"product_brand":[],"product_cat":[2188],"product_tag":[],"class_list":{"0":"post-57628","1":"product","2":"type-product","3":"status-publish","4":"has-post-thumbnail","6":"product_cat-sanitariopantalon-sanitario","7":"pa_color-blanco","8":"pa_color-celeste","9":"pa_color-indigo","10":"pa_color-morado","11":"pa_color-naranja","12":"pa_color-negro","13":"pa_color-rosa-fucsia","14":"pa_color-verde","15":"pa_color-verde-pistacho","17":"first","18":"instock","19":"purchasable","20":"product-type-variable"},"aioseo_notices":[],"_links":{"self":[{"href":"https:\/\/imprimeideas.es\/en\/wp-json\/wp\/v2\/product\/57628","targetHints":{"allow":["GET"]}}],"collection":[{"href":"https:\/\/imprimeideas.es\/en\/wp-json\/wp\/v2\/product"}],"about":[{"href":"https:\/\/imprimeideas.es\/en\/wp-json\/wp\/v2\/types\/product"}],"replies":[{"embeddable":true,"href":"https:\/\/imprimeideas.es\/en\/wp-json\/wp\/v2\/comments?post=57628"}],"version-history":[{"count":1,"href":"https:\/\/imprimeideas.es\/en\/wp-json\/wp\/v2\/product\/57628\/revisions"}],"predecessor-version":[{"id":57629,"href":"https:\/\/imprimeideas.es\/en\/wp-json\/wp\/v2\/product\/57628\/revisions\/57629"}],"wp:featuredmedia":[{"embeddable":true,"href":"https:\/\/imprimeideas.es\/en\/wp-json\/wp\/v2\/media\/26131"}],"wp:attachment":[{"href":"https:\/\/imprimeideas.es\/en\/wp-json\/wp\/v2\/media?parent=57628"}],"wp:term":[{"taxonomy":"product_brand","embeddable":true,"href":"https:\/\/imprimeideas.es\/en\/wp-json\/wp\/v2\/product_brand?post=57628"},{"taxonomy":"product_cat","embeddable":true,"href":"https:\/\/imprimeideas.es\/en\/wp-json\/wp\/v2\/product_cat?post=57628"},{"taxonomy":"product_tag","embeddable":true,"href":"https:\/\/imprimeideas.es\/en\/wp-json\/wp\/v2\/product_tag?post=57628"}],"curies":[{"name":"wp","href":"https:\/\/api.w.org\/{rel}","templated":true}]}}