{"id":57620,"date":"2026-02-24T14:10:26","date_gmt":"2026-02-24T13:10:26","guid":{"rendered":"https:\/\/imprimeideas.es\/producto\/chaquetilla-de-cocina-de-senora-antimanchas-2\/"},"modified":"2026-02-24T14:10:35","modified_gmt":"2026-02-24T13:10:35","slug":"chaquetilla-de-cocina-de-senora-antimanchas-2","status":"publish","type":"product","link":"https:\/\/imprimeideas.es\/en\/product\/chaquetilla-de-cocina-de-senora-antimanchas-2\/","title":{"rendered":"CHAQUETILLA DE COCINA DE SE\u00d1ORA (ANTIMANCHAS)"},"content":{"rendered":"<p>Chaquetilla entallada de se\u00f1ora. Cuello Mao y solapa cruzada con doble cierre de corchetes ocultos. Manga con pu\u00f1o vuelto. Cuello y pu\u00f1os combinados. Vivos a contraste en solapa, pu\u00f1os y espalda. Acabado antimanchas. Espalda y sisas en tejido fresco y transpirable de alta permeabilidad al aire.<\/p>","protected":false},"excerpt":{"rendered":"<p>B9242 &#8211; CHAQUETILLA DE COCINA DE SE\u00d1ORA (ANTIMANCHAS)<\/p>","protected":false},"featured_media":57623,"comment_status":"closed","ping_status":"open","template":"","meta":{"inline_featured_image":false},"product_brand":[],"product_cat":[2198],"product_tag":[],"class_list":{"0":"post-57620","1":"product","2":"type-product","3":"status-publish","4":"has-post-thumbnail","6":"product_cat-hosteleriacocinachaquetilla-cocinamujerchaquetilla-mujer","7":"pa_color-blancogris","9":"first","10":"instock","11":"purchasable","12":"product-type-variable"},"aioseo_notices":[],"_links":{"self":[{"href":"https:\/\/imprimeideas.es\/en\/wp-json\/wp\/v2\/product\/57620","targetHints":{"allow":["GET"]}}],"collection":[{"href":"https:\/\/imprimeideas.es\/en\/wp-json\/wp\/v2\/product"}],"about":[{"href":"https:\/\/imprimeideas.es\/en\/wp-json\/wp\/v2\/types\/product"}],"replies":[{"embeddable":true,"href":"https:\/\/imprimeideas.es\/en\/wp-json\/wp\/v2\/comments?post=57620"}],"version-history":[{"count":1,"href":"https:\/\/imprimeideas.es\/en\/wp-json\/wp\/v2\/product\/57620\/revisions"}],"predecessor-version":[{"id":57621,"href":"https:\/\/imprimeideas.es\/en\/wp-json\/wp\/v2\/product\/57620\/revisions\/57621"}],"wp:featuredmedia":[{"embeddable":true,"href":"https:\/\/imprimeideas.es\/en\/wp-json\/wp\/v2\/media\/57623"}],"wp:attachment":[{"href":"https:\/\/imprimeideas.es\/en\/wp-json\/wp\/v2\/media?parent=57620"}],"wp:term":[{"taxonomy":"product_brand","embeddable":true,"href":"https:\/\/imprimeideas.es\/en\/wp-json\/wp\/v2\/product_brand?post=57620"},{"taxonomy":"product_cat","embeddable":true,"href":"https:\/\/imprimeideas.es\/en\/wp-json\/wp\/v2\/product_cat?post=57620"},{"taxonomy":"product_tag","embeddable":true,"href":"https:\/\/imprimeideas.es\/en\/wp-json\/wp\/v2\/product_tag?post=57620"}],"curies":[{"name":"wp","href":"https:\/\/api.w.org\/{rel}","templated":true}]}}