{"id":57591,"date":"2026-02-24T14:09:44","date_gmt":"2026-02-24T13:09:44","guid":{"rendered":"https:\/\/imprimeideas.es\/producto\/casaca-sanitaria-5\/"},"modified":"2026-02-24T14:10:05","modified_gmt":"2026-02-24T13:10:05","slug":"casaca-sanitaria-5","status":"publish","type":"product","link":"https:\/\/imprimeideas.es\/en\/product\/casaca-sanitaria-5\/","title":{"rendered":"CASACA SANITARIA"},"content":{"rendered":"<p>Casaca sanitaria unisex en algod\u00f3n de manga corta y escote de pico cruzado. Un bolso de pecho y dos bolsos laterales de plast\u00f3n. Aberturas en los costados. Ligera, hipoalerg\u00e9nica y de tacto suave.<\/p>","protected":false},"excerpt":{"rendered":"<p>B9211 &#8211; CASACA SANITARIA<\/p>","protected":false},"featured_media":57594,"comment_status":"closed","ping_status":"open","template":"","meta":{"inline_featured_image":false},"product_brand":[],"product_cat":[2187],"product_tag":[],"class_list":{"0":"post-57591","1":"product","2":"type-product","3":"status-publish","4":"has-post-thumbnail","6":"product_cat-sanitariocasaca-sanitaria","7":"pa_color-blanco","9":"first","10":"instock","11":"purchasable","12":"product-type-variable"},"aioseo_notices":[],"_links":{"self":[{"href":"https:\/\/imprimeideas.es\/en\/wp-json\/wp\/v2\/product\/57591","targetHints":{"allow":["GET"]}}],"collection":[{"href":"https:\/\/imprimeideas.es\/en\/wp-json\/wp\/v2\/product"}],"about":[{"href":"https:\/\/imprimeideas.es\/en\/wp-json\/wp\/v2\/types\/product"}],"replies":[{"embeddable":true,"href":"https:\/\/imprimeideas.es\/en\/wp-json\/wp\/v2\/comments?post=57591"}],"version-history":[{"count":1,"href":"https:\/\/imprimeideas.es\/en\/wp-json\/wp\/v2\/product\/57591\/revisions"}],"predecessor-version":[{"id":57592,"href":"https:\/\/imprimeideas.es\/en\/wp-json\/wp\/v2\/product\/57591\/revisions\/57592"}],"wp:featuredmedia":[{"embeddable":true,"href":"https:\/\/imprimeideas.es\/en\/wp-json\/wp\/v2\/media\/57594"}],"wp:attachment":[{"href":"https:\/\/imprimeideas.es\/en\/wp-json\/wp\/v2\/media?parent=57591"}],"wp:term":[{"taxonomy":"product_brand","embeddable":true,"href":"https:\/\/imprimeideas.es\/en\/wp-json\/wp\/v2\/product_brand?post=57591"},{"taxonomy":"product_cat","embeddable":true,"href":"https:\/\/imprimeideas.es\/en\/wp-json\/wp\/v2\/product_cat?post=57591"},{"taxonomy":"product_tag","embeddable":true,"href":"https:\/\/imprimeideas.es\/en\/wp-json\/wp\/v2\/product_tag?post=57591"}],"curies":[{"name":"wp","href":"https:\/\/api.w.org\/{rel}","templated":true}]}}