{"id":57484,"date":"2026-02-24T14:08:09","date_gmt":"2026-02-24T13:08:09","guid":{"rendered":"https:\/\/imprimeideas.es\/producto\/conjunto-de-pantalon-y-casaca-sanitaria-4\/"},"modified":"2026-02-24T14:08:28","modified_gmt":"2026-02-24T13:08:28","slug":"conjunto-de-pantalon-y-casaca-sanitaria-4","status":"publish","type":"product","link":"https:\/\/imprimeideas.es\/en\/product\/conjunto-de-pantalon-y-casaca-sanitaria-4\/","title":{"rendered":"CONJUNTO DE PANTALON Y CASACA SANITARIA"},"content":{"rendered":"<p>Conjunto de casaca y pantal\u00f3n. Casaca de manga corta. Cuello a pico. Aberturas laterales. Un bolsillo en pecho de plast\u00f3n. Dos bolsillos laterales de plast\u00f3n. Pantal\u00f3n con el\u00e1stico y cord\u00f3n en la cintura. Dos bolsos de abertura inclinada en los costados. Un bolso trasero de plast\u00f3n. Admite lavados hasta 65\u00baC.<\/p>","protected":false},"excerpt":{"rendered":"<p>B9165 &#8211; CONJUNTO DE PANTALON Y CASACA SANITARIA<\/p>","protected":false},"featured_media":57487,"comment_status":"closed","ping_status":"open","template":"","meta":{"inline_featured_image":false},"product_brand":[],"product_cat":[2197],"product_tag":[],"class_list":{"0":"post-57484","1":"product","2":"type-product","3":"status-publish","4":"has-post-thumbnail","6":"product_cat-sanitariocasaca-sanitariapantalon-sanitario","7":"pa_color-blanco","9":"first","10":"instock","11":"purchasable","12":"product-type-variable"},"aioseo_notices":[],"_links":{"self":[{"href":"https:\/\/imprimeideas.es\/en\/wp-json\/wp\/v2\/product\/57484","targetHints":{"allow":["GET"]}}],"collection":[{"href":"https:\/\/imprimeideas.es\/en\/wp-json\/wp\/v2\/product"}],"about":[{"href":"https:\/\/imprimeideas.es\/en\/wp-json\/wp\/v2\/types\/product"}],"replies":[{"embeddable":true,"href":"https:\/\/imprimeideas.es\/en\/wp-json\/wp\/v2\/comments?post=57484"}],"version-history":[{"count":1,"href":"https:\/\/imprimeideas.es\/en\/wp-json\/wp\/v2\/product\/57484\/revisions"}],"predecessor-version":[{"id":57485,"href":"https:\/\/imprimeideas.es\/en\/wp-json\/wp\/v2\/product\/57484\/revisions\/57485"}],"wp:featuredmedia":[{"embeddable":true,"href":"https:\/\/imprimeideas.es\/en\/wp-json\/wp\/v2\/media\/57487"}],"wp:attachment":[{"href":"https:\/\/imprimeideas.es\/en\/wp-json\/wp\/v2\/media?parent=57484"}],"wp:term":[{"taxonomy":"product_brand","embeddable":true,"href":"https:\/\/imprimeideas.es\/en\/wp-json\/wp\/v2\/product_brand?post=57484"},{"taxonomy":"product_cat","embeddable":true,"href":"https:\/\/imprimeideas.es\/en\/wp-json\/wp\/v2\/product_cat?post=57484"},{"taxonomy":"product_tag","embeddable":true,"href":"https:\/\/imprimeideas.es\/en\/wp-json\/wp\/v2\/product_tag?post=57484"}],"curies":[{"name":"wp","href":"https:\/\/api.w.org\/{rel}","templated":true}]}}