{"id":57418,"date":"2026-02-24T14:06:25","date_gmt":"2026-02-24T13:06:25","guid":{"rendered":"https:\/\/imprimeideas.es\/producto\/conjunto-de-pantalon-y-casaca-sanitaria-3\/"},"modified":"2026-02-24T14:08:28","modified_gmt":"2026-02-24T13:08:28","slug":"conjunto-de-pantalon-y-casaca-sanitaria-3","status":"publish","type":"product","link":"https:\/\/imprimeideas.es\/en\/product\/conjunto-de-pantalon-y-casaca-sanitaria-3\/","title":{"rendered":"CONJUNTO DE PANTALON Y CASACA SANITARIA"},"content":{"rendered":"<p>Conjunto unisex de casaca y pantal\u00f3n en tejido el\u00e1stico: Casaca de manga corta y cuello a pico. Aberturas laterales. Tres bolsillos laterales de plast\u00f3n. Un bolsillo para bol\u00edgrafos.<br \/>\nPantal\u00f3n con el\u00e1stico y cord\u00f3n en la cintura. Dos bolsillos laterales. Dos bolsillos en pernera de plast\u00f3n.<\/p>","protected":false},"excerpt":{"rendered":"<p>B9150 &#8211; CONJUNTO DE PANTALON Y CASACA SANITARIA<\/p>","protected":false},"featured_media":26015,"comment_status":"closed","ping_status":"open","template":"","meta":{"inline_featured_image":false},"product_brand":[],"product_cat":[2197],"product_tag":[],"class_list":{"0":"post-57418","1":"product","2":"type-product","3":"status-publish","4":"has-post-thumbnail","6":"product_cat-sanitariocasaca-sanitariapantalon-sanitario","7":"pa_color-blanco","8":"pa_color-gris-oscuro","9":"pa_color-marino","10":"pa_color-morado","11":"pa_color-negro","12":"pa_color-rojo","13":"pa_color-rosa-claro","14":"pa_color-turquesa","15":"pa_color-verde-hierba","17":"first","18":"instock","19":"purchasable","20":"product-type-variable"},"aioseo_notices":[],"_links":{"self":[{"href":"https:\/\/imprimeideas.es\/en\/wp-json\/wp\/v2\/product\/57418","targetHints":{"allow":["GET"]}}],"collection":[{"href":"https:\/\/imprimeideas.es\/en\/wp-json\/wp\/v2\/product"}],"about":[{"href":"https:\/\/imprimeideas.es\/en\/wp-json\/wp\/v2\/types\/product"}],"replies":[{"embeddable":true,"href":"https:\/\/imprimeideas.es\/en\/wp-json\/wp\/v2\/comments?post=57418"}],"version-history":[{"count":1,"href":"https:\/\/imprimeideas.es\/en\/wp-json\/wp\/v2\/product\/57418\/revisions"}],"predecessor-version":[{"id":57419,"href":"https:\/\/imprimeideas.es\/en\/wp-json\/wp\/v2\/product\/57418\/revisions\/57419"}],"wp:featuredmedia":[{"embeddable":true,"href":"https:\/\/imprimeideas.es\/en\/wp-json\/wp\/v2\/media\/26015"}],"wp:attachment":[{"href":"https:\/\/imprimeideas.es\/en\/wp-json\/wp\/v2\/media?parent=57418"}],"wp:term":[{"taxonomy":"product_brand","embeddable":true,"href":"https:\/\/imprimeideas.es\/en\/wp-json\/wp\/v2\/product_brand?post=57418"},{"taxonomy":"product_cat","embeddable":true,"href":"https:\/\/imprimeideas.es\/en\/wp-json\/wp\/v2\/product_cat?post=57418"},{"taxonomy":"product_tag","embeddable":true,"href":"https:\/\/imprimeideas.es\/en\/wp-json\/wp\/v2\/product_tag?post=57418"}],"curies":[{"name":"wp","href":"https:\/\/api.w.org\/{rel}","templated":true}]}}