{"id":57272,"date":"2026-02-24T14:03:22","date_gmt":"2026-02-24T13:03:22","guid":{"rendered":"https:\/\/imprimeideas.es\/producto\/conjunto-de-pantalon-y-casaca-sanitaria\/"},"modified":"2026-02-24T14:05:59","modified_gmt":"2026-02-24T13:05:59","slug":"conjunto-de-pantalon-y-casaca-sanitaria","status":"publish","type":"product","link":"https:\/\/imprimeideas.es\/en\/product\/conjunto-de-pantalon-y-casaca-sanitaria\/","title":{"rendered":"CONJUNTO DE PANTALON Y CASACA SANITARIA"},"content":{"rendered":"<p>Conjunto unisex de casaca y pantal\u00f3n: Casaca de manga corta. Cuello a pico. Aberturas laterales. Un bolsillo en pecho de plast\u00f3n. Dos bolsillos laterales de plast\u00f3n. Un bolsillo para bol\u00edgrafos. Pantal\u00f3n con el\u00e1stico y cord\u00f3n en la cintura. Dos bolsillos laterales.<\/p>","protected":false},"excerpt":{"rendered":"<p>B9110 &#8211; CONJUNTO DE PANTALON Y CASACA SANITARIA<\/p>","protected":false},"featured_media":25975,"comment_status":"closed","ping_status":"open","template":"","meta":{"inline_featured_image":false},"product_brand":[],"product_cat":[2197],"product_tag":[],"class_list":{"0":"post-57272","1":"product","2":"type-product","3":"status-publish","4":"has-post-thumbnail","6":"product_cat-sanitariocasaca-sanitariapantalon-sanitario","7":"pa_color-azafata","8":"pa_color-blanco","9":"pa_color-celeste","10":"pa_color-granate","11":"pa_color-gris","12":"pa_color-gris-topo","13":"pa_color-lila","14":"pa_color-negro","15":"pa_color-rosa-fucsia","16":"pa_color-turquesa","17":"pa_color-verde-manzana","18":"pa_color-verde-oliva","20":"first","21":"instock","22":"purchasable","23":"product-type-variable"},"aioseo_notices":[],"_links":{"self":[{"href":"https:\/\/imprimeideas.es\/en\/wp-json\/wp\/v2\/product\/57272","targetHints":{"allow":["GET"]}}],"collection":[{"href":"https:\/\/imprimeideas.es\/en\/wp-json\/wp\/v2\/product"}],"about":[{"href":"https:\/\/imprimeideas.es\/en\/wp-json\/wp\/v2\/types\/product"}],"replies":[{"embeddable":true,"href":"https:\/\/imprimeideas.es\/en\/wp-json\/wp\/v2\/comments?post=57272"}],"version-history":[{"count":1,"href":"https:\/\/imprimeideas.es\/en\/wp-json\/wp\/v2\/product\/57272\/revisions"}],"predecessor-version":[{"id":57273,"href":"https:\/\/imprimeideas.es\/en\/wp-json\/wp\/v2\/product\/57272\/revisions\/57273"}],"wp:featuredmedia":[{"embeddable":true,"href":"https:\/\/imprimeideas.es\/en\/wp-json\/wp\/v2\/media\/25975"}],"wp:attachment":[{"href":"https:\/\/imprimeideas.es\/en\/wp-json\/wp\/v2\/media?parent=57272"}],"wp:term":[{"taxonomy":"product_brand","embeddable":true,"href":"https:\/\/imprimeideas.es\/en\/wp-json\/wp\/v2\/product_brand?post=57272"},{"taxonomy":"product_cat","embeddable":true,"href":"https:\/\/imprimeideas.es\/en\/wp-json\/wp\/v2\/product_cat?post=57272"},{"taxonomy":"product_tag","embeddable":true,"href":"https:\/\/imprimeideas.es\/en\/wp-json\/wp\/v2\/product_tag?post=57272"}],"curies":[{"name":"wp","href":"https:\/\/api.w.org\/{rel}","templated":true}]}}